{"id":9196,"date":"2022-05-12T13:53:29","date_gmt":"2022-05-12T13:53:29","guid":{"rendered":"https:\/\/macknole.de\/?page_id=9196"},"modified":"2022-05-12T14:15:32","modified_gmt":"2022-05-12T14:15:32","slug":"traechtigkeitswoche-9","status":"publish","type":"page","link":"https:\/\/macknole.de\/?page_id=9196","title":{"rendered":"Tr\u00e4chtigkeitswoche 9"},"content":{"rendered":"<blockquote>\n<h5><span style=\"color: #ff0000;\">CIARAS NEUNTE TR\u00c4CHTIGKEITWOCHE<\/span><\/h5>\n<\/blockquote>\n<p>\u00a0<\/p>\n<blockquote>\n<h5><span style=\"color: #ff0000;\">TR\u00c4CHTIGKEITSVERLAUF IN DER NEUNTEN WOCHE<\/span><\/h5>\n<\/blockquote>\n<p>M\u00f6glicherweise hat die H\u00fcndin keine Appetit mehr, wenn die Zeit der Niederkunft naht.<\/p>\n\n\n<figure class=\"wp-block-table is-style-regular\"><table><thead><tr><th>Datum<\/th><th>Ereignis<\/th><\/tr><\/thead><tbody><tr><td>So, 15. Mai 2022<br>bis<br>Mi, 18. Mai 2022<\/td><td>Die H\u00fcndin wird ruhelos und beginnt &#8218;Nestbau&#8216; Verhalten zu zeigen.<\/td><\/tr><tr><td>Mo, 16. Mai 2022<\/td><td>Messen Sie nun morgens und abends die Temperatur der H\u00fcndin. Die normale Temperatur schwankt je nach Rasse und Alter der H\u00fcndin zwischen 37,5 und 39,4 Grad Celsius. Gerade wegen der gro\u00dfen Schwankungsbreite ist es wichtig, die normale K\u00f6rpertemperatur zu kennen (Messungen 7. Woche). Wenn die Temparatur um ca. 1,5 bis 2 Grad Celsius f\u00e4llt, werden die Welpen innerhalb der n\u00e4chsten 6- 24 Stunden geboren.<\/td><\/tr><tr><td>Di, 17. Mai 2022<\/td><td>Die H\u00fcndin wirkt m\u00f6glicherweise ungl\u00fccklich, ruhelos, l\u00e4uft immer hin und her und f\u00fchlt sich offensichtlich unwohl. Es kann sein, dass sich weisse Scheidenfl\u00fcssigkeit absondert.<\/td><\/tr><tr><td>Mi, 18. Mai 2022<\/td><td>Der vorausberechnete Tag der Geburt. Viele H\u00fcndinnen werfen zwischen dem 58. und 63. Tag. Einige lassen sich auch bis zum 66. Tag Zeit. Beobachten Sie Ihre H\u00fcndin vor allem bei Versp\u00e4tungen sehr genau. \u00dcbelriechender, dunkler Ausfluss ist ein Alarmzeichen, sofort den Tierarzt aufzusuchen. Sp\u00e4testens am 66. Tag muss ohnehin ein Tierarzt konsultiert werden. Es k\u00f6nnten Geburtsprobleme wie zu gro\u00dfe oder abgestorbene Welpen vorliegen. Dann kann nur schnelles Handeln das Leben von Mutter und Welpen retten.<\/td><\/tr><\/tbody><\/table><figcaption><a rel=\"noreferrer noopener\" href=\"https:\/\/www.welpen.de\/traechtig\/kalender.php\" target=\"_blank\">Quelle: https:\/\/www.welpen.de\/traechtig\/kalender.ph<\/a><\/figcaption><\/figure>\n","protected":false},"excerpt":{"rendered":"<p>CIARAS NEUNTE TR&Auml;CHTIGKEITWOCHE &nbsp; TR&Auml;CHTIGKEITSVERLAUF IN DER NEUNTEN WOCHE M&ouml;glicherweise hat die H&uuml;ndin keine Appetit mehr, wenn die Zeit der Niederkunft naht. Datum Ereignis So, 15. Mai 2022bisMi, 18. Mai<\/p>\n<p class=\"more-link\"><a href=\"https:\/\/macknole.de\/?page_id=9196\" class=\"readmore\">Continue reading<svg class=\"icon icon-arrow-right\" aria-hidden=\"true\" role=\"img\"> <use href=\"#icon-arrow-right\" xlink:href=\"#icon-arrow-right\"><\/use> <\/svg><span class=\"screen-reader-text\">Tr\u00e4chtigkeitswoche 9<\/span><\/a><\/p>\n","protected":false},"author":1,"featured_media":0,"parent":0,"menu_order":0,"comment_status":"closed","ping_status":"closed","template":"","meta":[],"_links":{"self":[{"href":"https:\/\/macknole.de\/index.php?rest_route=\/wp\/v2\/pages\/9196"}],"collection":[{"href":"https:\/\/macknole.de\/index.php?rest_route=\/wp\/v2\/pages"}],"about":[{"href":"https:\/\/macknole.de\/index.php?rest_route=\/wp\/v2\/types\/page"}],"author":[{"embeddable":true,"href":"https:\/\/macknole.de\/index.php?rest_route=\/wp\/v2\/users\/1"}],"replies":[{"embeddable":true,"href":"https:\/\/macknole.de\/index.php?rest_route=%2Fwp%2Fv2%2Fcomments&post=9196"}],"version-history":[{"count":2,"href":"https:\/\/macknole.de\/index.php?rest_route=\/wp\/v2\/pages\/9196\/revisions"}],"predecessor-version":[{"id":9204,"href":"https:\/\/macknole.de\/index.php?rest_route=\/wp\/v2\/pages\/9196\/revisions\/9204"}],"wp:attachment":[{"href":"https:\/\/macknole.de\/index.php?rest_route=%2Fwp%2Fv2%2Fmedia&parent=9196"}],"curies":[{"name":"wp","href":"https:\/\/api.w.org\/{rel}","templated":true}]}}