{"id":9112,"date":"2022-04-28T18:57:08","date_gmt":"2022-04-28T18:57:08","guid":{"rendered":"https:\/\/macknole.de\/?page_id=9112"},"modified":"2022-05-05T16:26:58","modified_gmt":"2022-05-05T16:26:58","slug":"traechtigkeitswoche-7","status":"publish","type":"page","link":"https:\/\/macknole.de\/?page_id=9112","title":{"rendered":"Tr\u00e4chtigkeitswoche 7"},"content":{"rendered":"<blockquote>\n<h5><span style=\"color: #ff0000;\">CIARAS SIEBENTE TR\u00c4CHTIGKEITWOCHE<\/span><\/h5>\n<\/blockquote>\n<p style=\"text-align: justify;\">Seit dem Wochenende steht unsere Wurfkiste und sowohl Aengus, der diese nat\u00fcrlich als Erster unter die Lupe nehmen musste, als auch Ciara suchen diese immer wieder auf, um sich hinein zu legen. So ganz sind die Vorbereitungen noch nicht abgeschlossen, aber tagt\u00e4glich nimmt unser Welpenzimmer mehr und mehr Gestalt an.<\/p>\n<p style=\"text-align: justify;\">Ciara geht es gut. Man muss nun genau hinschauen, welchen der beiden Hunde wir vor uns haben, denn aktuell steht sie dem Aengus von der K\u00f6rperform in Nichts nach. Es ist ein sch\u00f6nes und auch leicht beunruhigendes Gef\u00fchl zu sehen, dass aus unserem kleinen M\u00e4dchen eine Mama wird, das in ihr neues Leben, die erste Generation &#8222;MACKNOLE&#8220; entstehen wird. Unsere lieben Welpeneltern fiebern ebenfalls dem Tag X entgegen und werden mit allen Informationen, die man zu diesem Zeitpunkt austauschen kann, versorgt.<\/p>\n<blockquote>\n<h5><span style=\"color: #ff0000;\">TR\u00c4CHTIGKEITSVERLAUF IN DER SIEBENTEN WOCHE<\/span><\/h5>\n<\/blockquote>\n<p style=\"text-align: justify;\">Die H\u00fcndin sollte jetzt nicht mehr mit anderen Hunden rauhe Spiele spielen oder springen. Per R\u00f6ntgenaufnahme lassen sich Anzahl und Gr\u00f6\u00dfe der H\u00fcndchen bestimmen. Die H\u00fcndin sollte nur dann ger\u00f6ntgt werden, wenn Schwangerschaftsprobleme auftauchen oder zu diesem Zeitpunkt noch immer unsicher ist, ob sie tats\u00e4chlich Welpen bekommt. (z. B. Verdacht auf Einfr\u00fcchtigkeit) Ansonsten stellt das R\u00f6ntgen eine unn\u00f6tige Belastung dar. Ab der 7. Woche messen Sie der H\u00fcndin einmal t\u00e4glich rektal die Temperatur und notieren diese Werte.<\/p>\n\n\n<figure class=\"wp-block-table is-style-regular\"><table><thead><tr><th>Datum<\/th><th>Ereignis<\/th><\/tr><\/thead><tbody><tr><td>bis 28. April 2022 <\/td><td>Die Finger sind vollst\u00e4ndig getrennt und gespreizt, die Krallen ausgebildet. Die Tasthaare sind sichtbar.<br>Die F\u00f6ten sehen nun aus wie Hunde.<br>Kopf und Rumpf sind unterscheidbar.<br>Das Geschlecht ist bestimmbar.<br>Die Fellfarbe beginnt sich zu entwickeln.<br>Der Herzschlag der F\u00f6ten ist per Stetoskop h\u00f6rbar.<br>Die H\u00fcndin wird auf Spazierg\u00e4ngen&nbsp;etwas tr\u00e4ger,&nbsp;sie sch\u00fctzt ihre Flanken und l\u00e4sst fremde Hunde nicht mehr nah an sich heran.<\/td><\/tr><tr><td>Sa, 30. April 2022<\/td><td>Die Knochen verst\u00e4rken sich. Die Welpen k\u00f6nnen nun leicht unter der Bauchdecke ertastet jedoch noch schlecht gez\u00e4hlt werden. Die Haare am Bauch der H\u00fcndin fallen aus.<\/td><\/tr><tr><td>Sa, 30. April und So, 01. Mai 2022<\/td><td>Wir haben die Wurfbox gebaut und das Welpenzimmer ist in den Anf\u00e4ngen eingerichtet.<\/td><\/tr><tr><td>Mi, 04. Mai 2022<\/td><td>Ciaras Appetit ist ungebrochen. So langsam erreichen wir die max. empfohlende Gewichtszunahme von 125 %. Bei den Spazierg\u00e4ngen richten wir uns ganz nach ihren W\u00fcnschen. Es kann sein, dass sie mal wieder eine gr\u00f6\u00dfere Runde laufen m\u00f6chte, aber auch, dass sie eben nur mal &#8222;den Block checken&#8220; gehen m\u00f6chte. Fremde, auch bellende Hunde nimmt sie garnicht wahr. Es scheint als tr\u00e4ume sie vor sich hin.<\/td><\/tr><\/tbody><\/table><figcaption><a rel=\"noreferrer noopener\" href=\"https:\/\/www.welpen.de\/traechtig\/kalender.php\" target=\"_blank\">Quelle: https:\/\/www.welpen.de\/traechtig\/kalender.ph<\/a><\/figcaption><\/figure>\n\n\n<blockquote>\n<h5><span style=\"color: #ff0000;\">TAG 47 <\/span><\/h5>\n<\/blockquote>\n\n\n<figure class=\"wp-block-embed is-type-video is-provider-tiktok wp-block-embed-tiktok\"><div class=\"wp-block-embed__wrapper\">\nhttps:\/\/www.tiktok.com\/@macknoles_ridgebacks\/video\/7093856854425619718?is_copy_url=1&#038;is_from_webapp=v1\n<\/div><\/figure>\n","protected":false},"excerpt":{"rendered":"<p>CIARAS SIEBENTE TR&Auml;CHTIGKEITWOCHE Seit dem Wochenende steht unsere Wurfkiste und sowohl Aengus, der diese nat&uuml;rlich als Erster unter die Lupe nehmen musste, als auch Ciara suchen diese immer wieder auf,<\/p>\n<p class=\"more-link\"><a href=\"https:\/\/macknole.de\/?page_id=9112\" class=\"readmore\">Continue reading<svg class=\"icon icon-arrow-right\" aria-hidden=\"true\" role=\"img\"> <use href=\"#icon-arrow-right\" xlink:href=\"#icon-arrow-right\"><\/use> <\/svg><span class=\"screen-reader-text\">Tr\u00e4chtigkeitswoche 7<\/span><\/a><\/p>\n","protected":false},"author":1,"featured_media":0,"parent":0,"menu_order":0,"comment_status":"closed","ping_status":"closed","template":"","meta":[],"_links":{"self":[{"href":"https:\/\/macknole.de\/index.php?rest_route=\/wp\/v2\/pages\/9112"}],"collection":[{"href":"https:\/\/macknole.de\/index.php?rest_route=\/wp\/v2\/pages"}],"about":[{"href":"https:\/\/macknole.de\/index.php?rest_route=\/wp\/v2\/types\/page"}],"author":[{"embeddable":true,"href":"https:\/\/macknole.de\/index.php?rest_route=\/wp\/v2\/users\/1"}],"replies":[{"embeddable":true,"href":"https:\/\/macknole.de\/index.php?rest_route=%2Fwp%2Fv2%2Fcomments&post=9112"}],"version-history":[{"count":7,"href":"https:\/\/macknole.de\/index.php?rest_route=\/wp\/v2\/pages\/9112\/revisions"}],"predecessor-version":[{"id":9193,"href":"https:\/\/macknole.de\/index.php?rest_route=\/wp\/v2\/pages\/9112\/revisions\/9193"}],"wp:attachment":[{"href":"https:\/\/macknole.de\/index.php?rest_route=%2Fwp%2Fv2%2Fmedia&parent=9112"}],"curies":[{"name":"wp","href":"https:\/\/api.w.org\/{rel}","templated":true}]}}