{"id":9080,"date":"2022-04-21T06:47:00","date_gmt":"2022-04-21T06:47:00","guid":{"rendered":"https:\/\/macknole.de\/?page_id=9080"},"modified":"2022-04-28T18:44:53","modified_gmt":"2022-04-28T18:44:53","slug":"traechtigkeitswoche-6","status":"publish","type":"page","link":"https:\/\/macknole.de\/?page_id=9080","title":{"rendered":"Tr\u00e4chtigkeitswoche 6"},"content":{"rendered":"<blockquote>\n<h5><span style=\"color: #ff0000;\">CIARAS SECHSTE TR\u00c4CHTIGKEITWOCHE<\/span><\/h5>\n<\/blockquote>\n<p style=\"text-align: justify;\">Die sechste Woche beginnt mit der Wiederkehr des Hungers. Wir haben die Futtermenge (Normale Futtermenge x 1,2) erh\u00f6ht. Die Spazierg\u00e4nge fallen k\u00fcrzer und viel gem\u00fctlicher aus. Wir sind weit entfernt von ihren \u00fcblichen t\u00e4glichen 12 km Strecken am St\u00fcck. In den letzten Wochen hat sie gut 4 kg zugenommen und so f\u00e4llt ihr die Bewegung schon etwas schwerer. Ansonsten genie\u00dfen wir das traumhafte Fr\u00fchlingswetter und sind viel im Garten und auf der Terrasse.<\/p>\n<blockquote>\n<h5><span style=\"color: #ff0000;\">TR\u00c4CHTIGKEITSVERLAUF IN DER SECHSTEN WOCHE<\/span><\/h5>\n<\/blockquote>\n<p style=\"text-align: justify;\">Machen Sie die H\u00fcndin mit der Welpenbox vertraut. Lassen Sie sie dort schlafen. Erh\u00f6hen Sie die Anzahl der Mahlzeiten und behalten Sie ihr Gewicht im Auge.<\/p>\n\n\n<figure class=\"wp-block-table is-style-regular\"><table><thead><tr><th>Datum<\/th><th>Ereignis<\/th><\/tr><\/thead><tbody><tr><td>Do, 21. April 2022<\/td><td>Unsere kleine Raupe Nimmersatt ist zur\u00fcck und wir sind dar\u00fcber sehr sehr gl\u00fccklich.<\/td><\/tr><tr><td>Mo, 25. April 2022<\/td><td>Ab heute verteilen wir Ciaras Futtermenge auf vier Mahlzeiten am Tag.<\/td><\/tr><\/tbody><\/table><figcaption><a rel=\"noreferrer noopener\" href=\"https:\/\/www.welpen.de\/traechtig\/kalender.php\" target=\"_blank\">Quelle: https:\/\/www.welpen.de\/traechtig\/kalender.ph<\/a><\/figcaption><\/figure>\n\n\n<blockquote>\n<h5><span style=\"color: #ff0000;\">TAG 40 DER TR\u00c4CHTIGKEIT<br \/><\/span><\/h5>\n<\/blockquote>\n\n\n<figure class=\"wp-block-embed is-type-video is-provider-tiktok wp-block-embed-tiktok\"><div class=\"wp-block-embed__wrapper\">\nhttps:\/\/www.tiktok.com\/@macknoles_ridgebacks\/video\/7090620924273151238?is_copy_url=1&#038;is_from_webapp=v1\n<\/div><\/figure>\n","protected":false},"excerpt":{"rendered":"<p>CIARAS SECHSTE TR&Auml;CHTIGKEITWOCHE Die sechste Woche beginnt mit der Wiederkehr des Hungers. Wir haben die Futtermenge (Normale Futtermenge x 1,2) erh&ouml;ht. Die Spazierg&auml;nge fallen k&uuml;rzer und viel gem&uuml;tlicher aus. Wir<\/p>\n<p class=\"more-link\"><a href=\"https:\/\/macknole.de\/?page_id=9080\" class=\"readmore\">Continue reading<svg class=\"icon icon-arrow-right\" aria-hidden=\"true\" role=\"img\"> <use href=\"#icon-arrow-right\" xlink:href=\"#icon-arrow-right\"><\/use> <\/svg><span class=\"screen-reader-text\">Tr\u00e4chtigkeitswoche 6<\/span><\/a><\/p>\n","protected":false},"author":1,"featured_media":0,"parent":0,"menu_order":0,"comment_status":"closed","ping_status":"closed","template":"","meta":[],"_links":{"self":[{"href":"https:\/\/macknole.de\/index.php?rest_route=\/wp\/v2\/pages\/9080"}],"collection":[{"href":"https:\/\/macknole.de\/index.php?rest_route=\/wp\/v2\/pages"}],"about":[{"href":"https:\/\/macknole.de\/index.php?rest_route=\/wp\/v2\/types\/page"}],"author":[{"embeddable":true,"href":"https:\/\/macknole.de\/index.php?rest_route=\/wp\/v2\/users\/1"}],"replies":[{"embeddable":true,"href":"https:\/\/macknole.de\/index.php?rest_route=%2Fwp%2Fv2%2Fcomments&post=9080"}],"version-history":[{"count":6,"href":"https:\/\/macknole.de\/index.php?rest_route=\/wp\/v2\/pages\/9080\/revisions"}],"predecessor-version":[{"id":9104,"href":"https:\/\/macknole.de\/index.php?rest_route=\/wp\/v2\/pages\/9080\/revisions\/9104"}],"wp:attachment":[{"href":"https:\/\/macknole.de\/index.php?rest_route=%2Fwp%2Fv2%2Fmedia&parent=9080"}],"curies":[{"name":"wp","href":"https:\/\/api.w.org\/{rel}","templated":true}]}}