{"id":9063,"date":"2022-04-14T18:19:34","date_gmt":"2022-04-14T18:19:34","guid":{"rendered":"https:\/\/macknole.de\/?page_id=9063"},"modified":"2022-05-05T16:52:26","modified_gmt":"2022-05-05T16:52:26","slug":"traechtigkeitwoche-5","status":"publish","type":"page","link":"https:\/\/macknole.de\/?page_id=9063","title":{"rendered":"Tr\u00e4chtigkeitwoche 5"},"content":{"rendered":"<blockquote>\n<h5><span style=\"color: #ff0000;\">CIARAS F\u00dcNFTE TR\u00c4CHTIGKEITWOCHE<\/span><\/h5>\n<\/blockquote>\n<p style=\"text-align: justify;\">Nachdem Ciara am dem 21. Tag quasi auf Di\u00e4t ist, vermutete ich schon, dass sie guter Hoffnung ist. Am Samstag sah ich endlich den langersehnten glasigen Ausfluss, der fast ausschlie\u00dflich nur bei tr\u00e4chtigen H\u00fcndinnen auftritt. Dieser hielt \u00fcber ein paar Tage an und zeigte sich meist morgens nach dem Aufstehen. Der Appetit ist noch nicht wirklich wieder zur\u00fcck gekehrt, aber zum Ende der vierten Woche zeigte sich Ciara wieder vermehrt in der K\u00fcche. Ansonsten geht es ihr gut, sie schl\u00e4ft nach wie vor sehr viel, geht immernoch sehr gern spazieren und genie\u00dft das sch\u00f6ne Wetter.<\/p>\n<blockquote>\n<h5><span style=\"color: #ff0000;\">TR\u00c4CHTIGKEITSVERLAUF IN DER F\u00dcNFTEN WOCHE<\/span><\/h5>\n<\/blockquote>\n<p style=\"text-align: justify;\">Die H\u00fcndin h\u00f6rt auf, die Beine anzuziehen, weil das Gewicht ansteigt und die Welpen sich drehen. Das Anschwellen der weiblichen Scham wird merkbarer. Bitte achten Sie auf das Gewicht der H\u00fcndin und \u00fcberf\u00fcttern Sie nicht. Die Herzschlag ist aufgrund der ansteigenden Fl\u00fcssigkeit in der Geb\u00e4rmutter nicht mehr l\u00e4nger als Diagnosemethode nutzbar.<\/p>\n\n\n<figure class=\"wp-block-table is-style-regular\"><table><thead><tr><th>Datum<\/th><th>Ereignis<\/th><\/tr><\/thead><tbody><tr><td>Do, 14. April 2022<\/td><td>Zehen, Barthaare und Krallen beginnen sich zu entwickeln.<\/td><\/tr><tr><td>So, 17. April 2022<\/td><td>Die ERSTE H\u00e4lfte der Tr\u00e4chtigkeit ist geschafft.<\/td><\/tr><tr><td>Fr, 15. April bis Mo, 18. April 2022<\/td><td>Ciara hat deutlich mit \u00dcbelkeit k\u00e4mpfen. Das Fressverhalten ist quasi eine Katastrophe und wir versuchen mit verschiedenen Angeboten sie dazu zu motivieren, etwas zu fressen. Es gelingt, aber nicht in dem Umfang, der w\u00fcnschenswert ist.<\/td><\/tr><tr><td>Di, 19. April 2022<\/td><td>Der Bauchumfang nimmt &#8211; trotz der wenigen Nahrungsaufnahme &#8211; kontinuierlich zu und auch die Zitzen zeigen sich mittlerweile mehr als deutlich.<\/td><\/tr><tr><td>Mi, 20. April 2022<\/td><td>Die Ausbildung der Organe ist abgeschlossen.Die F\u00f6ten sehen nun aus wie Hunde. Kopf und Rumpf sind unterscheidbar. Das Geschlecht ist bestimmbar. Die Fellfarbe beginnt sich zu entwickeln. Der Herzschlag der F\u00f6ten ist per Stetoskop h\u00f6rbar. Die Zitzen der H\u00fcndin werden dunkler und schwellen an.<\/td><\/tr><\/tbody><\/table><figcaption><a href=\"https:\/\/www.welpen.de\/traechtig\/kalender.php\" target=\"_blank\" rel=\"noreferrer noopener\">Quelle: https:\/\/www.welpen.de\/traechtig\/kalender.php<\/a><\/figcaption><\/figure>\n","protected":false},"excerpt":{"rendered":"<p>CIARAS F&Uuml;NFTE TR&Auml;CHTIGKEITWOCHE Nachdem Ciara am dem 21. Tag quasi auf Di&auml;t ist, vermutete ich schon, dass sie guter Hoffnung ist. Am Samstag sah ich endlich den langersehnten glasigen Ausfluss,<\/p>\n<p class=\"more-link\"><a href=\"https:\/\/macknole.de\/?page_id=9063\" class=\"readmore\">Continue reading<svg class=\"icon icon-arrow-right\" aria-hidden=\"true\" role=\"img\"> <use href=\"#icon-arrow-right\" xlink:href=\"#icon-arrow-right\"><\/use> <\/svg><span class=\"screen-reader-text\">Tr\u00e4chtigkeitwoche 5<\/span><\/a><\/p>\n","protected":false},"author":1,"featured_media":0,"parent":0,"menu_order":0,"comment_status":"closed","ping_status":"closed","template":"","meta":[],"_links":{"self":[{"href":"https:\/\/macknole.de\/index.php?rest_route=\/wp\/v2\/pages\/9063"}],"collection":[{"href":"https:\/\/macknole.de\/index.php?rest_route=\/wp\/v2\/pages"}],"about":[{"href":"https:\/\/macknole.de\/index.php?rest_route=\/wp\/v2\/types\/page"}],"author":[{"embeddable":true,"href":"https:\/\/macknole.de\/index.php?rest_route=\/wp\/v2\/users\/1"}],"replies":[{"embeddable":true,"href":"https:\/\/macknole.de\/index.php?rest_route=%2Fwp%2Fv2%2Fcomments&post=9063"}],"version-history":[{"count":4,"href":"https:\/\/macknole.de\/index.php?rest_route=\/wp\/v2\/pages\/9063\/revisions"}],"predecessor-version":[{"id":9087,"href":"https:\/\/macknole.de\/index.php?rest_route=\/wp\/v2\/pages\/9063\/revisions\/9087"}],"wp:attachment":[{"href":"https:\/\/macknole.de\/index.php?rest_route=%2Fwp%2Fv2%2Fmedia&parent=9063"}],"curies":[{"name":"wp","href":"https:\/\/api.w.org\/{rel}","templated":true}]}}