{"id":9,"date":"2019-07-30T08:04:56","date_gmt":"2019-07-30T08:04:56","guid":{"rendered":"http:\/\/macknole.de\/?page_id=9"},"modified":"2022-05-12T17:35:25","modified_gmt":"2022-05-12T17:35:25","slug":"about-us","status":"publish","type":"page","link":"https:\/\/macknole.de\/?page_id=9","title":{"rendered":"\u00dcber uns"},"content":{"rendered":"<blockquote>\n<h5><span style=\"color: #ff0000;\"><strong>WIR ALLE HABEN EINE GESCHICHTE &#8211; SO AUCH WIR!<br \/><\/strong><\/span><\/h5>\n<hr \/><\/blockquote>\n<p style=\"text-align: justify;\"><span style=\"color: #ffffff;\"><span style=\"color: #999999;\">Im Laufe der letzten 20 Jahre haben uns einige Hunde begleitet: geblieben sind die Ridgebacks.<\/span><\/span><\/p>\n<p style=\"text-align: justify;\"><span style=\"color: #999999;\">Angefangen \u00fcber den Yorkshire Terrier Lucky, dem Neufundl\u00e4nder Arko und der Gro\u00dfen Schweizer Sennenh\u00fcndin Aika bereicherte ab 2003 unser erster Ridgebackr\u00fcde Scotch unser Leben.<\/span><\/p>\n<blockquote>\n<h5><span style=\"color: #ff0000;\"><strong>SCOTCH<\/strong><\/span><\/h5>\n<hr \/><\/blockquote>\n<p style=\"text-align: justify;\"><span style=\"color: #999999;\">Scotch war ein sehr urt\u00fcmlicher Vertreter seiner Rasse. Er zeichnete sich durch sein weizenfarbenes Fell und seine f\u00fcr den Ridgeback typischen K\u00f6rperform aus: muskul\u00f6s und wendig, dennoch nicht malosserartig brachte er 38 kg bei einer K\u00f6rpergr\u00f6\u00dfe von 68 cm auf die Waage. Er erg\u00e4nzte unsere Familie mit 3 kleinen Kindern f\u00fcr mehr als 12einhalb Jahre perfekt, bevor wir ihn im Februar 2015 \u00fcber die Regenbr\u00fccke gehen lassen mussten.<\/span><\/p>\n<p style=\"text-align: justify;\"><span style=\"color: #999999;\">Noch in der Trauerphase stellten wir fest, dass ein Leben ohne Ridgeback m\u00f6glich, aber sinnlos w\u00e4re und so zog im M\u00e4rz 2015 Aengus bei uns ein.<\/span><\/p>\n<blockquote>\n<h5><span style=\"color: #ff0000;\"><strong>AENGUS<\/strong><\/span><\/h5>\n<hr \/><\/blockquote>\n<p style=\"text-align: justify;\"><span style=\"color: #999999;\">Aengus ist alles andere, aber nicht filigran. Schon im Welpenalter stellte sich heraus, dass er hoch hinaus will und so kam es dann auch. Obwohl er ein Berserker von Ridgeback ist und bei einer K\u00f6rpergr\u00f6\u00dfe von knapp 77 cm stolze 50 kg auf die Waage bringt, erinnert er uns sehr stark an \u201eFerdinand, den Stier\u201c. Aengus ist ein Feingeist: ein gro\u00dfer Liebhaber von Blumen und Bienen. Hochsensibel wie er ist, ist er immer bem\u00fcht, den Frieden innerhalb der Familie zu gew\u00e4hrleisten.<\/span><\/p>\n<p style=\"text-align: justify;\"><span style=\"color: #999999;\">Durch Aengus sind wir auch zu den Ausstellungen gekommen. Im Juli 2015 nahm er zum ersten und letzten Mal sehr erfolgreich an einer Ausstellung des RR Club E.L.S.A. e. V. teil. Aufgrund seiner k\u00f6rperlichen Entwicklung haben wir uns dazu entschieden, ihn aus dem Ausstellungszirkus hinaus zu nehmen, auch deshalb, weil wir nicht m\u00f6chten, dass seine Gr\u00f6\u00dfe als Standard angenommen wird. Dem ist n\u00e4mlich nicht so.<\/span><\/p>\n<p style=\"text-align: justify;\"><span style=\"color: #999999;\">Wir alle wissen, dass es sich beim Ridgeback um eine sehr sp\u00e4treife Rasse handelt und sehr viele Menschen sind der Meinung, dass man mindestens die ersten 3 Jahre abwarten sollte, bevor ein weiterer Hund bei der Familie einzieht. Manchmal sollten wir jedoch auf unser Urvertrauen verlassen: wir kennen unsere Hunde und wissen, ob sie bereit sind oder nicht.<\/span><\/p>\n<p style=\"text-align: justify;\"><span style=\"color: #999999;\">Knapp anderthalb Jahre sp\u00e4ter und vielen Stimmen zum Trotz zog im August 2016 unser erstes Ridgebackm\u00e4dchen ein: Dacey-Rose.<\/span><\/p>\n<blockquote>\n<h5><span style=\"color: #ff0000;\"><strong>DACEY-ROSE<\/strong><\/span><\/h5>\n<hr \/><\/blockquote>\n<p style=\"text-align: justify;\"><span style=\"color: #999999;\">Dacey-Rose war ein sehr zartes Pfl\u00e4nzchen \u2013 eine Zaubermaus, die mit ihren gro\u00dfen Kulleraugen nicht nur uns, sondern auch Aengus von Anfang an verzaubert hat. Aengus und Dacey-Rose verband von Anfang an eine sehr tiefe Liebe. Dass das Leben manchmal wirklich schlechte Geschichten erz\u00e4hlt, mussten wir im M\u00e4rz 2019 an eigenem Leibe erfahren: denn dieses innige Band wurde durch ihren tragischen Tod (multiples Organversagen nach einer Vergiftung) f\u00fcr immer zerrissen. Wenn uns bis zu diesem Zeitpunkt nicht bewusst gewesen w\u00e4re, dass auch Hunde in tiefe Depressionen fallen k\u00f6nnen, dann h\u00e4tte uns das Leben eines besseren belehrt. Aengus: unser Fels in der Brandung war nicht mehr er selbst. Er hatte an rein gar nichts mehr Freude, was unsere eigene Trauer noch mehr verst\u00e4rkte.<\/span><\/p>\n<p style=\"text-align: justify;\"><span style=\"color: #999999;\">Dank der Unterst\u00fctzung unserer Z\u00fcchter Julia Alles und Peter Obschernicat haben wir es gewagt und erneut ein kleines M\u00e4dchen in unser Leben gelassen: Patricia Ciara Mckenzie.<\/span><\/p>\n<blockquote>\n<h5><span style=\"color: #800000;\"><strong><span style=\"color: #ff0000;\">PATRICIA CIARA MCKENZIE<\/span><br \/><\/strong><\/span><\/h5>\n<hr \/><\/blockquote>\n<p style=\"text-align: justify;\"><span style=\"color: #999999;\">Ciara bereichert seit Mai 2019 unsere Familie. Sie ist nach wie vor ein kleiner Wirbelwind, der uns alle verzaubert. In ihr scheinen all unsere Hunde vereint zu sein. Sie hat das Beste von allen: der Kreis ist wieder geschlossen.<\/span><\/p>\n\n\n<p><\/p>\n","protected":false},"excerpt":{"rendered":"<p>WIR ALLE HABEN EINE GESCHICHTE &ndash; SO AUCH WIR! Im Laufe der letzten 20 Jahre haben uns einige Hunde begleitet: geblieben sind die Ridgebacks. Angefangen &uuml;ber den Yorkshire Terrier Lucky,<\/p>\n<p class=\"more-link\"><a href=\"https:\/\/macknole.de\/?page_id=9\" class=\"readmore\">Continue reading<svg class=\"icon icon-arrow-right\" aria-hidden=\"true\" role=\"img\"> <use href=\"#icon-arrow-right\" xlink:href=\"#icon-arrow-right\"><\/use> <\/svg><span class=\"screen-reader-text\">\u00dcber uns<\/span><\/a><\/p>\n","protected":false},"author":1,"featured_media":0,"parent":0,"menu_order":0,"comment_status":"closed","ping_status":"closed","template":"","meta":[],"_links":{"self":[{"href":"https:\/\/macknole.de\/index.php?rest_route=\/wp\/v2\/pages\/9"}],"collection":[{"href":"https:\/\/macknole.de\/index.php?rest_route=\/wp\/v2\/pages"}],"about":[{"href":"https:\/\/macknole.de\/index.php?rest_route=\/wp\/v2\/types\/page"}],"author":[{"embeddable":true,"href":"https:\/\/macknole.de\/index.php?rest_route=\/wp\/v2\/users\/1"}],"replies":[{"embeddable":true,"href":"https:\/\/macknole.de\/index.php?rest_route=%2Fwp%2Fv2%2Fcomments&post=9"}],"version-history":[{"count":18,"href":"https:\/\/macknole.de\/index.php?rest_route=\/wp\/v2\/pages\/9\/revisions"}],"predecessor-version":[{"id":9206,"href":"https:\/\/macknole.de\/index.php?rest_route=\/wp\/v2\/pages\/9\/revisions\/9206"}],"wp:attachment":[{"href":"https:\/\/macknole.de\/index.php?rest_route=%2Fwp%2Fv2%2Fmedia&parent=9"}],"curies":[{"name":"wp","href":"https:\/\/api.w.org\/{rel}","templated":true}]}}