{"id":8869,"date":"2022-03-24T19:51:31","date_gmt":"2022-03-24T19:51:31","guid":{"rendered":"https:\/\/macknole.de\/?page_id=8869"},"modified":"2022-04-07T15:39:07","modified_gmt":"2022-04-07T15:39:07","slug":"traechtigkeitswoche-1-2","status":"publish","type":"page","link":"https:\/\/macknole.de\/?page_id=8869","title":{"rendered":"Tr\u00e4chtigkeitswoche 1"},"content":{"rendered":"<blockquote>\n<h5 style=\"text-align: center;\"><span style=\"color: #ff0000;\">CIARAS ERSTE TR\u00c4CHTIGKEITWOCHE<\/span><\/h5>\n<\/blockquote>\n<p style=\"text-align: justify;\">Die n\u00e4chsten Wochen sind gepr\u00e4gt von Unwissenheit und Hoffnung. Man kann ja nunmal leider nicht in den Hund hinein schauen und somit wissen wir nicht, ob kleine Wunder auf dem Weg in diese Welt sind. Die erste Woche von Ciara verlief unspektakul\u00e4r. Da wir grunds\u00e4tzlich sehr viel Wert auf Ruhephasen legen, k\u00f6nnen wir kein erh\u00f6htes Schlafbed\u00fcrfnis feststellen.&nbsp; Ciara hat einen gesunden Appetit und m\u00e4kelt nicht rum. Es wird quasi gegessen, was im Napf ist. Die Futtermenge ist noch nicht erh\u00f6ht und auch nebenbei gibt es keine Extraw\u00fcnsche.<\/p>\n<blockquote>\n<h5><span style=\"color: #ff0000;\">TR\u00c4CHTIGKEITSVERLAUF IN DER ERSTEN WOCHE<\/span><\/h5>\n<\/blockquote>\n<p style=\"text-align: justify;\">Die Befruchtung erfolgt im Regelfall innerhalb der ersten 48 Stunden nach dem Deckakt. Um die Chance einer Befruchtung zu erh\u00f6hen, sollte der Deckakt nach dem ersten Deckakt innerhalb von 48 Stunden wiederholt werden. Die Befruchtung kann sich verz\u00f6gern &#8211; die Spermien k\u00f6nnen bis zu zehn Tage im &nbsp; Eileiter der H\u00fcndin \u00fcberleben.<\/p>\n\n\n<figure class=\"wp-block-table is-style-regular\"><table><thead><tr><th>Datum<\/th><th>Ereignis<\/th><\/tr><\/thead><tbody><tr><td>Do, 17. M\u00e4rz 2022<\/td><td>Erster Deckungstag. Sperma wandert ausserhalb der Geb\u00e4rmutterschleimhaut. Um die Chancen einer Befruchtung zu erh\u00f6hen, sollte der Deckakt innerhalb von 48 Stunden nach dem ersten Deckakt wiederholt werden.<\/td><\/tr><tr><td>Fr., 18. M\u00e4rz 2022<\/td><td>Sperma wandert zu den Eileitern. Die Spermien bleiben in den weiblichen Geschlechtsorganen eine Zeitlang befruchtungsf\u00e4hig. Bei den S\u00e4ugetieren ist diese Zeit im allgemeinen recht kurz (ca. 24 Std).<\/td><\/tr><tr><td>Fr., 18. M\u00e4rz bis Sa., 19. M\u00e4rz 2022<\/td><td>Sperma erreicht die Eileiter, in denen sich reife Eizellen befinden.<\/td><\/tr><tr><td>Sa., 19. M\u00e4rz bis So., 20. M\u00e4rz 2022<\/td><td>Befruchtung der Eizellen (in den Eileitern).<\/td><\/tr><tr><td>So., 20. M\u00e4rz bis Di., 22. M\u00e4rz 2022<\/td><td>Die befruchteten Eizellen wandern in den Geb\u00e4rmutterhals.<\/td><\/tr><\/tbody><\/table><figcaption><a href=\"https:\/\/www.welpen.de\/traechtig\/kalender.php\" target=\"_blank\" rel=\"noreferrer noopener\">Quelle: https:\/\/www.welpen.de\/traechtig\/kalender.php<\/a><\/figcaption><\/figure>\n","protected":false},"excerpt":{"rendered":"<p>CIARAS ERSTE TR&Auml;CHTIGKEITWOCHE Die n&auml;chsten Wochen sind gepr&auml;gt von Unwissenheit und Hoffnung. Man kann ja nunmal leider nicht in den Hund hinein schauen und somit wissen wir nicht, ob kleine<\/p>\n<p class=\"more-link\"><a href=\"https:\/\/macknole.de\/?page_id=8869\" class=\"readmore\">Continue reading<svg class=\"icon icon-arrow-right\" aria-hidden=\"true\" role=\"img\"> <use href=\"#icon-arrow-right\" xlink:href=\"#icon-arrow-right\"><\/use> <\/svg><span class=\"screen-reader-text\">Tr\u00e4chtigkeitswoche 1<\/span><\/a><\/p>\n","protected":false},"author":1,"featured_media":0,"parent":0,"menu_order":0,"comment_status":"closed","ping_status":"closed","template":"","meta":[],"_links":{"self":[{"href":"https:\/\/macknole.de\/index.php?rest_route=\/wp\/v2\/pages\/8869"}],"collection":[{"href":"https:\/\/macknole.de\/index.php?rest_route=\/wp\/v2\/pages"}],"about":[{"href":"https:\/\/macknole.de\/index.php?rest_route=\/wp\/v2\/types\/page"}],"author":[{"embeddable":true,"href":"https:\/\/macknole.de\/index.php?rest_route=\/wp\/v2\/users\/1"}],"replies":[{"embeddable":true,"href":"https:\/\/macknole.de\/index.php?rest_route=%2Fwp%2Fv2%2Fcomments&post=8869"}],"version-history":[{"count":6,"href":"https:\/\/macknole.de\/index.php?rest_route=\/wp\/v2\/pages\/8869\/revisions"}],"predecessor-version":[{"id":9006,"href":"https:\/\/macknole.de\/index.php?rest_route=\/wp\/v2\/pages\/8869\/revisions\/9006"}],"wp:attachment":[{"href":"https:\/\/macknole.de\/index.php?rest_route=%2Fwp%2Fv2%2Fmedia&parent=8869"}],"curies":[{"name":"wp","href":"https:\/\/api.w.org\/{rel}","templated":true}]}}