{"id":8794,"date":"2022-02-11T19:18:34","date_gmt":"2022-02-11T19:18:34","guid":{"rendered":"https:\/\/macknole.de\/?page_id=8794"},"modified":"2022-04-02T17:26:44","modified_gmt":"2022-04-02T17:26:44","slug":"ernaehrung","status":"publish","type":"page","link":"https:\/\/macknole.de\/?page_id=8794","title":{"rendered":"Ern\u00e4hrung"},"content":{"rendered":"<blockquote>\n<h5><span style=\"color: #ff0000;\">DU BIST, WAS DU ISST!<br \/><\/span><\/h5>\n<\/blockquote>\n<p style=\"text-align: justify;\">Dieser Satz wurde vom deutschen Philosophen Ludwig Feuerbach bereits im 19. Jahrhundert gepr\u00e4gt. Auch heute, 200 Jahre sp\u00e4ter, wissen wir, dass die <span class=\"vm-hook-outer\"><span class=\"vm-hook\">Ern\u00e4hrung<\/span><\/span> einen nicht ganz unerheblichen Einfluss auf unser Wohlbefinden hat. Nicht nur unsere Ern\u00e4hrung ist uns wichtig, sondern auch die Ern\u00e4hrung unserer Hunde. Deswegen:<\/p>\n<blockquote>\n<h5><span style=\"color: #ff0000;\">UNSERE HUNDE WERDEN GEBARFT!<br \/><\/span><\/h5>\n<\/blockquote>\n<p style=\"text-align: justify;\">Wir sind mittlerweile \u00fcber ein Ma\u00df hinaus davon \u00fcberzeugt, dass dies f\u00fcr unsere Hunde die beste Ern\u00e4hrungsm\u00f6glichkeit darstellt, so dass auch unsere Welpen in den Genuss kommen werden, kein Fertigfutter kennenzulernen. Denn: Wir orientieren uns bei der F\u00fctterung unserer Hunde an das Beutetierschema nach Simon\/Wolf. Das bedeutet, dass unsere Hunde ausschlie\u00dflich frisches Fleisch, Obst und Gem\u00fcse und einige essentielle Komponenten in ihrem Napf vorfinden. Diese Art der F\u00fctterung &#8211; manchen Leuten erscheint sich als zu umst\u00e4ndlich &#8211; lehrt uns jeden Tag eines besseren. Sie erm\u00f6glicht es, die Futtermenge an die tats\u00e4chlichen Bedarfe anzupassen.<\/p>\n<p>F\u00fcr uns als Z\u00fcchter ist es nicht nur wichtig, unsere eigenen Hunde, sondern auch deren Nachkommen so gesund wie m\u00f6glich zu ern\u00e4hren. Das bedeutet: Haben Sie Interesse an einem Welpen aus unserer Zucht w\u00fcnschen wir uns, dass Sie auch dieser F\u00fctterungsmethode offen gegen\u00fcber stehen. Gern beantworten wir hierzu alle Fragen, die dadurch entstehen.<\/p>\n<blockquote>\n<h5><span style=\"color: #ff0000;\">UNSER SONNTAGS-MEN\u00dc: SPROTTEN<br \/><\/span><\/h5>\n<\/blockquote>\n\n\n<figure class=\"is-layout-flex wp-block-gallery-1 wp-block-gallery columns-3 is-cropped\"><ul class=\"blocks-gallery-grid\"><li class=\"blocks-gallery-item\"><figure><img decoding=\"async\" loading=\"lazy\" width=\"1017\" height=\"1024\" src=\"https:\/\/macknole.de\/wp-content\/uploads\/2022\/03\/wp-1648408542398-1017x1024.jpg\" alt=\"\" data-id=\"8890\" class=\"wp-image-8890\" srcset=\"https:\/\/macknole.de\/wp-content\/uploads\/2022\/03\/wp-1648408542398-1017x1024.jpg 1017w, https:\/\/macknole.de\/wp-content\/uploads\/2022\/03\/wp-1648408542398-298x300.jpg 298w, https:\/\/macknole.de\/wp-content\/uploads\/2022\/03\/wp-1648408542398-150x150.jpg 150w, https:\/\/macknole.de\/wp-content\/uploads\/2022\/03\/wp-1648408542398-768x773.jpg 768w, https:\/\/macknole.de\/wp-content\/uploads\/2022\/03\/wp-1648408542398-1526x1536.jpg 1526w, https:\/\/macknole.de\/wp-content\/uploads\/2022\/03\/wp-1648408542398-2035x2048.jpg 2035w, https:\/\/macknole.de\/wp-content\/uploads\/2022\/03\/wp-1648408542398-140x140.jpg 140w, https:\/\/macknole.de\/wp-content\/uploads\/2022\/03\/wp-1648408542398-50x50.jpg 50w\" sizes=\"(max-width: 1017px) 100vw, 1017px\" \/><figcaption class=\"blocks-gallery-item__caption\">Obstmix<\/figcaption><\/figure><\/li><li class=\"blocks-gallery-item\"><figure><img decoding=\"async\" loading=\"lazy\" width=\"1024\" height=\"1024\" src=\"https:\/\/macknole.de\/wp-content\/uploads\/2022\/03\/wp-1648408542459-1-1024x1024.jpg\" alt=\"\" data-id=\"8897\" class=\"wp-image-8897\" srcset=\"https:\/\/macknole.de\/wp-content\/uploads\/2022\/03\/wp-1648408542459-1-1024x1024.jpg 1024w, https:\/\/macknole.de\/wp-content\/uploads\/2022\/03\/wp-1648408542459-1-300x300.jpg 300w, https:\/\/macknole.de\/wp-content\/uploads\/2022\/03\/wp-1648408542459-1-150x150.jpg 150w, https:\/\/macknole.de\/wp-content\/uploads\/2022\/03\/wp-1648408542459-1-768x768.jpg 768w, https:\/\/macknole.de\/wp-content\/uploads\/2022\/03\/wp-1648408542459-1-1536x1536.jpg 1536w, https:\/\/macknole.de\/wp-content\/uploads\/2022\/03\/wp-1648408542459-1-2048x2048.jpg 2048w, https:\/\/macknole.de\/wp-content\/uploads\/2022\/03\/wp-1648408542459-1-960x960.jpg 960w, https:\/\/macknole.de\/wp-content\/uploads\/2022\/03\/wp-1648408542459-1-140x140.jpg 140w\" sizes=\"(max-width: 1024px) 100vw, 1024px\" \/><figcaption class=\"blocks-gallery-item__caption\">Obst- und Gem\u00fcsemix<\/figcaption><\/figure><\/li><li class=\"blocks-gallery-item\"><figure><img decoding=\"async\" loading=\"lazy\" width=\"1024\" height=\"1024\" src=\"https:\/\/macknole.de\/wp-content\/uploads\/2022\/03\/wp-1648408542503-1024x1024.jpg\" alt=\"\" data-id=\"8891\" class=\"wp-image-8891\" srcset=\"https:\/\/macknole.de\/wp-content\/uploads\/2022\/03\/wp-1648408542503-1024x1024.jpg 1024w, https:\/\/macknole.de\/wp-content\/uploads\/2022\/03\/wp-1648408542503-300x300.jpg 300w, https:\/\/macknole.de\/wp-content\/uploads\/2022\/03\/wp-1648408542503-150x150.jpg 150w, https:\/\/macknole.de\/wp-content\/uploads\/2022\/03\/wp-1648408542503-768x768.jpg 768w, https:\/\/macknole.de\/wp-content\/uploads\/2022\/03\/wp-1648408542503-1536x1536.jpg 1536w\" sizes=\"(max-width: 1024px) 100vw, 1024px\" \/><figcaption class=\"blocks-gallery-item__caption\">Obst- und Gem\u00fcsemix mit Innereien, Pansen und Bl\u00e4ttermagen<\/figcaption><\/figure><\/li><li class=\"blocks-gallery-item\"><figure><img decoding=\"async\" loading=\"lazy\" width=\"1024\" height=\"1024\" src=\"https:\/\/macknole.de\/wp-content\/uploads\/2022\/03\/wp-1648408542550-1-1024x1024.jpg\" alt=\"\" data-id=\"8896\" class=\"wp-image-8896\" srcset=\"https:\/\/macknole.de\/wp-content\/uploads\/2022\/03\/wp-1648408542550-1-1024x1024.jpg 1024w, https:\/\/macknole.de\/wp-content\/uploads\/2022\/03\/wp-1648408542550-1-300x300.jpg 300w, https:\/\/macknole.de\/wp-content\/uploads\/2022\/03\/wp-1648408542550-1-150x150.jpg 150w, https:\/\/macknole.de\/wp-content\/uploads\/2022\/03\/wp-1648408542550-1-768x768.jpg 768w, https:\/\/macknole.de\/wp-content\/uploads\/2022\/03\/wp-1648408542550-1-1536x1536.jpg 1536w, https:\/\/macknole.de\/wp-content\/uploads\/2022\/03\/wp-1648408542550-1-2048x2048.jpg 2048w, https:\/\/macknole.de\/wp-content\/uploads\/2022\/03\/wp-1648408542550-1-960x960.jpg 960w, https:\/\/macknole.de\/wp-content\/uploads\/2022\/03\/wp-1648408542550-1-140x140.jpg 140w, https:\/\/macknole.de\/wp-content\/uploads\/2022\/03\/wp-1648408542550-1-50x50.jpg 50w, https:\/\/macknole.de\/wp-content\/uploads\/2022\/03\/wp-1648408542550-1-666x666.jpg 666w, https:\/\/macknole.de\/wp-content\/uploads\/2022\/03\/wp-1648408542550-1-80x80.jpg 80w\" sizes=\"(max-width: 1024px) 100vw, 1024px\" \/><figcaption class=\"blocks-gallery-item__caption\">Obst- und Gem\u00fcsemix mit Innereien, Pansen und Bl\u00e4ttermagen sowie Omega 3-6-9-\u00d6l mit zus\u00e4tzlichem Vitamin E<\/figcaption><\/figure><\/li><li class=\"blocks-gallery-item\"><figure><img decoding=\"async\" loading=\"lazy\" width=\"8523\" height=\"8522\" src=\"https:\/\/macknole.de\/wp-content\/uploads\/2022\/03\/wp-1648408542592.jpg\" alt=\"\" data-id=\"8894\" class=\"wp-image-8894\" srcset=\"https:\/\/macknole.de\/wp-content\/uploads\/2022\/03\/wp-1648408542592.jpg 8523w, https:\/\/macknole.de\/wp-content\/uploads\/2022\/03\/wp-1648408542592-300x300.jpg 300w\" sizes=\"(max-width: 8523px) 100vw, 8523px\" \/><figcaption class=\"blocks-gallery-item__caption\">Obst- und Gem\u00fcsemix mit Innereien, Pansen und Bl\u00e4ttermagen sowie Omega 3-6-9-\u00d6l mit zus\u00e4tzlichem Vitamin E inkl. Wochenration Sprotten <\/figcaption><\/figure><\/li><li class=\"blocks-gallery-item\"><figure><img decoding=\"async\" loading=\"lazy\" width=\"8713\" height=\"8713\" src=\"https:\/\/macknole.de\/wp-content\/uploads\/2022\/03\/wp-1648408542634.jpg\" alt=\"\" data-id=\"8893\" class=\"wp-image-8893\" srcset=\"https:\/\/macknole.de\/wp-content\/uploads\/2022\/03\/wp-1648408542634.jpg 8713w, https:\/\/macknole.de\/wp-content\/uploads\/2022\/03\/wp-1648408542634-300x300.jpg 300w\" sizes=\"(max-width: 8713px) 100vw, 8713px\" \/><figcaption class=\"blocks-gallery-item__caption\">Obst- und Gem\u00fcsemix mit Innereien, Pansen und Bl\u00e4ttermagen sowie Omega 3-6-9-\u00d6l mit zus\u00e4tzlichem Vitamin E inkl. Wochenration Sprotten, Seealgenmehl und Hagebuttenpulver<\/figcaption><\/figure><\/li><li class=\"blocks-gallery-item\"><figure><img decoding=\"async\" loading=\"lazy\" width=\"1024\" height=\"1024\" src=\"https:\/\/macknole.de\/wp-content\/uploads\/2022\/03\/wp-1648408542679-1024x1024.jpg\" alt=\"\" data-id=\"8895\" class=\"wp-image-8895\" srcset=\"https:\/\/macknole.de\/wp-content\/uploads\/2022\/03\/wp-1648408542679-1024x1024.jpg 1024w, https:\/\/macknole.de\/wp-content\/uploads\/2022\/03\/wp-1648408542679-300x300.jpg 300w, https:\/\/macknole.de\/wp-content\/uploads\/2022\/03\/wp-1648408542679-150x150.jpg 150w, https:\/\/macknole.de\/wp-content\/uploads\/2022\/03\/wp-1648408542679-768x768.jpg 768w, https:\/\/macknole.de\/wp-content\/uploads\/2022\/03\/wp-1648408542679-1536x1536.jpg 1536w, https:\/\/macknole.de\/wp-content\/uploads\/2022\/03\/wp-1648408542679-2048x2048.jpg 2048w, https:\/\/macknole.de\/wp-content\/uploads\/2022\/03\/wp-1648408542679-960x960.jpg 960w, https:\/\/macknole.de\/wp-content\/uploads\/2022\/03\/wp-1648408542679-140x140.jpg 140w\" sizes=\"(max-width: 1024px) 100vw, 1024px\" \/><figcaption class=\"blocks-gallery-item__caption\">Obst- und Gem\u00fcsemix mit Innereien, Pansen und Bl\u00e4ttermagen sowie Omega 3-6-9-\u00d6l mit zus\u00e4tzlichem Vitamin E inkl. Wochenration Sprotten und Hagebuttenpulver, Seealgenmehl und Ei<\/figcaption><\/figure><\/li><\/ul><\/figure>\n","protected":false},"excerpt":{"rendered":"<p>DU BIST, WAS DU ISST! Dieser Satz wurde vom deutschen Philosophen Ludwig Feuerbach bereits im 19. Jahrhundert gepr&auml;gt. Auch heute, 200 Jahre sp&auml;ter, wissen wir, dass die Ern&auml;hrung einen nicht<\/p>\n<p class=\"more-link\"><a href=\"https:\/\/macknole.de\/?page_id=8794\" class=\"readmore\">Continue reading<svg class=\"icon icon-arrow-right\" aria-hidden=\"true\" role=\"img\"> <use href=\"#icon-arrow-right\" xlink:href=\"#icon-arrow-right\"><\/use> <\/svg><span class=\"screen-reader-text\">Ern\u00e4hrung<\/span><\/a><\/p>\n","protected":false},"author":1,"featured_media":0,"parent":0,"menu_order":0,"comment_status":"closed","ping_status":"closed","template":"","meta":[],"_links":{"self":[{"href":"https:\/\/macknole.de\/index.php?rest_route=\/wp\/v2\/pages\/8794"}],"collection":[{"href":"https:\/\/macknole.de\/index.php?rest_route=\/wp\/v2\/pages"}],"about":[{"href":"https:\/\/macknole.de\/index.php?rest_route=\/wp\/v2\/types\/page"}],"author":[{"embeddable":true,"href":"https:\/\/macknole.de\/index.php?rest_route=\/wp\/v2\/users\/1"}],"replies":[{"embeddable":true,"href":"https:\/\/macknole.de\/index.php?rest_route=%2Fwp%2Fv2%2Fcomments&post=8794"}],"version-history":[{"count":10,"href":"https:\/\/macknole.de\/index.php?rest_route=\/wp\/v2\/pages\/8794\/revisions"}],"predecessor-version":[{"id":8973,"href":"https:\/\/macknole.de\/index.php?rest_route=\/wp\/v2\/pages\/8794\/revisions\/8973"}],"wp:attachment":[{"href":"https:\/\/macknole.de\/index.php?rest_route=%2Fwp%2Fv2%2Fmedia&parent=8794"}],"curies":[{"name":"wp","href":"https:\/\/api.w.org\/{rel}","templated":true}]}}