{"id":8727,"date":"2021-09-08T15:23:16","date_gmt":"2021-09-08T15:23:16","guid":{"rendered":"https:\/\/macknole.de\/?page_id=8727"},"modified":"2022-05-19T19:54:16","modified_gmt":"2022-05-19T19:54:16","slug":"traechtigkeitswoche-1","status":"publish","type":"page","link":"https:\/\/macknole.de\/?page_id=8727","title":{"rendered":"Tr\u00e4chtigkeitswochen"},"content":{"rendered":"<blockquote>\n<h5><span style=\"color: #ff0000;\">TR\u00c4CHTIGKEITSVERLAUF<\/span><\/h5>\n<\/blockquote>\n<p style=\"text-align: justify;\">Nach dem erfolgreichen Deckakt beginnt die wohl schwierigste Zeit f\u00fcr einen Z\u00fcchter: Das Warten, ob die Wunschverpaarung Fr\u00fcchte tragen wird, ob sich der Charakter des Hundes durch die Ver\u00e4nderung des Hormonhaushaltes ver\u00e4ndern wird. Und nicht zu guter Letzt, ob alles gut geht. Es sowohl w\u00e4hrend der Tr\u00e4chtigkeit als auch bei der Geburt zu keinen unverhofften Schwierigkeiten kommt. Das uns die Natur ihr Wunder \u201eLeben\u201c n\u00e4herbringen wird, das wir erleben, wie Leben sich entwickelt, wie es geboren wird und wie es die Welt gestalten wird: Unser Wunsch und der gr\u00f6\u00dfte Demut, den wir der Natur zollen sollten.<\/p>\n<p style=\"text-align: justify;\">W\u00e4hrend der ersten Tr\u00e4chtigkeitswochen passiert zumindest augenscheinlich nichts, denn das w\u00e4re ja dann doch zu einfach, sofort zu erkennen, das Leben entsteht. Es gibt die ein oder andere Meinung, die gern sagt, diese absolute Gewissheit sofort gehabt zu haben. Respekt an diejenigen, die das von sich behaupten k\u00f6nnen. Ich kann es nicht.<\/p>\n\n\n<div class=\"is-layout-flex wp-block-buttons\">\n<div class=\"wp-block-button\"><a class=\"wp-block-button__link\" href=\"https:\/\/macknole.de\/?page_id=8869\" target=\"_blank\" rel=\"noreferrer noopener\">Woche 1<\/a><\/div>\n\n\n\n<div class=\"wp-block-button\"><a class=\"wp-block-button__link\" href=\"https:\/\/macknole.de\/?page_id=8875\" target=\"_blank\" rel=\"noreferrer noopener\">Woche 2<\/a><\/div>\n\n\n\n<div class=\"wp-block-button\"><a class=\"wp-block-button__link\" href=\"https:\/\/macknole.de\/?page_id=8915\" target=\"_blank\" rel=\"noreferrer noopener\">Woche 3<\/a><\/div>\n\n\n\n<div class=\"wp-block-button\"><a class=\"wp-block-button__link\" href=\"https:\/\/macknole.de\/?page_id=8995\" target=\"_blank\" rel=\"noreferrer noopener\">Woche 4<\/a><\/div>\n\n\n\n<div class=\"wp-block-button\"><a class=\"wp-block-button__link\" href=\"https:\/\/macknole.de\/?page_id=9063\" target=\"_blank\" rel=\"noreferrer noopener\">Woche 5<\/a><\/div>\n\n\n\n<div class=\"wp-block-button\"><a class=\"wp-block-button__link\" href=\"https:\/\/macknole.de\/?page_id=9080\" target=\"_blank\" rel=\"noreferrer noopener\">Woche 6<\/a><\/div>\n<\/div>\n\n\n\n<p>Durch einen Klick auf die entsprechende Woche gelangt man zu weiteren Informationen rund um Ciara und ihre Tr\u00e4chtigkeit, sowie die Entwicklung der Welpen im Mutterleib in unterschiedlichen Stadien.<\/p>\n\n\n\n<p><\/p>\n\n\n\n<div class=\"is-layout-flex wp-block-buttons\">\n<div class=\"wp-block-button\"><a class=\"wp-block-button__link\" href=\"https:\/\/macknole.de\/?page_id=9112\" target=\"_blank\" rel=\"noreferrer noopener\">woche 7<\/a><\/div>\n\n\n\n<div class=\"wp-block-button\"><a class=\"wp-block-button__link\" href=\"https:\/\/macknole.de\/?page_id=9167\">Woche 8<\/a><\/div>\n\n\n\n<div class=\"wp-block-button\"><a class=\"wp-block-button__link\" href=\"https:\/\/macknole.de\/?page_id=9196\">Woche 9<\/a><\/div>\n<\/div>\n\n\n\n<p><\/p>\n\n\n<blockquote>\n<h5><span style=\"color: #ff0000;\">CIARAS K\u00d6RPERLICHE VER\u00c4NDERUNGEN W\u00c4HREND DER TR\u00c4CHTIGKEIT<\/span><\/h5>\n<\/blockquote>\n\n\n<figure class=\"wp-block-table\"><table><thead><tr><th>Datum<\/th><th>Gewicht<\/th><th>Bauchumfang<\/th><\/tr><\/thead><tbody><tr><td>17.03.2022 (Tag 0)<\/td><td>36.80 kg <\/td><td>63,5 cm<\/td><\/tr><tr><td>22.03.2022<\/td><td>36.90 kg (+ 100 gr* VW)<\/td><td>63,5 cm<\/td><\/tr><tr><td>29.03.2022<\/td><td>37.25 kg (+ 450 gr*, + 350 VW )<\/td><td>64,0 cm<\/td><\/tr><tr><td>05.04.2022<\/td><td>37.70 kg (+ 900 gr*, + 450 gr VW)<\/td><td>65,5 cm<\/td><\/tr><tr><td>12.04.2022 (Tag 26)<\/td><td>36.85 kg (+ 50 gr*, &#8211; 850 gr VW)<\/td><td>66,0 cm<\/td><\/tr><tr><td>19.04.2022 (Tag 33)<\/td><td>37.25 kg (+ 450 gr*, + 400 gr VW)<\/td><td>68,0 cm<\/td><\/tr><tr><td>21.04.2022<\/td><td>37.45 kg<\/td><td>70,5 cm<\/td><\/tr><tr><td>23.04.2022<\/td><td>38.80 kg<\/td><td>72,5 cm<\/td><\/tr><tr><td>25.04.2022<\/td><td>39.95 kg<\/td><td>74,5 cm<\/td><\/tr><tr><td>26.04.2022 (Tag 40)<\/td><td>40.75 kg (+3.95 kg*, + 3.5 kg VW)<\/td><td>76,0 cm<\/td><\/tr><tr><td>28.04.2022 <\/td><td>41.20 kg<\/td><td>78,0 cm<\/td><\/tr><tr><td>30.04.2022<\/td><td>42.05 kg<\/td><td>80,0 cm<\/td><\/tr><tr><td>03.05.2022 (Tag 47)<\/td><td>43.50 kg (+6.7 kg*, +2.75 kg VW)<\/td><td>85,0 cm (+21,5 cm)<\/td><\/tr><tr><td>05.05.2022<\/td><td>44.05 kg<\/td><td>86,0 cm<\/td><\/tr><tr><td>06.05.2022 (Tag 50)<\/td><td>44.35 kg<\/td><td>88,0 cm<\/td><\/tr><tr><td>08.05.2022<\/td><td>45.40 kg <\/td><td>89,0 cm<\/td><\/tr><tr><td>10.05.2022<\/td><td>46.50 kg (+9.7 kg*, +3.00 kg VW)<\/td><td>92,0 cm<\/td><\/tr><tr><td>12.05.2022 (Tag 56)<\/td><td>47.25 kg <\/td><td>94,0 cm<\/td><\/tr><tr><td>14.05.2022 (Tag 58)<\/td><td>47.45 kg<\/td><td>96,0 cm<\/td><\/tr><tr><td>15.05.2022 (Tag 59)<\/td><td>47.75 kg<\/td><td>96,5 cm<\/td><\/tr><tr><td>18.05.2022 (3 Tage nach Geburt)<\/td><td>38.60 kg<\/td><td>76,0 cm<\/td><\/tr><\/tbody><\/table><figcaption>* Gewicht in Abh\u00e4ngigkeit zum Normalgewicht, VW = Gewichtszunahme zur Vorwoche<\/figcaption><\/figure>\n\n\n\n<figure class=\"is-layout-flex wp-block-gallery-3 wp-block-gallery has-nested-images columns-default is-cropped\">\n<figure class=\"wp-block-image size-large\"><img decoding=\"async\" loading=\"lazy\" width=\"2560\" height=\"2560\" data-id=\"9229\"  src=\"https:\/\/macknole.de\/wp-content\/uploads\/2022\/05\/wp-1652980840510-scaled.jpg\" alt=\"\" class=\"wp-image-9229\" srcset=\"https:\/\/macknole.de\/wp-content\/uploads\/2022\/05\/wp-1652980840510-scaled.jpg 2560w, https:\/\/macknole.de\/wp-content\/uploads\/2022\/05\/wp-1652980840510-300x300.jpg 300w, https:\/\/macknole.de\/wp-content\/uploads\/2022\/05\/wp-1652980840510-1024x1024.jpg 1024w, https:\/\/macknole.de\/wp-content\/uploads\/2022\/05\/wp-1652980840510-150x150.jpg 150w, https:\/\/macknole.de\/wp-content\/uploads\/2022\/05\/wp-1652980840510-768x768.jpg 768w, https:\/\/macknole.de\/wp-content\/uploads\/2022\/05\/wp-1652980840510-80x80.jpg 80w, https:\/\/macknole.de\/wp-content\/uploads\/2022\/05\/wp-1652980840510-50x50.jpg 50w\" sizes=\"(max-width: 2560px) 100vw, 2560px\" \/><figcaption>29.03.2022 &#8211; Tag 12 der Tr\u00e4chtigkeit<\/figcaption><\/figure>\n\n\n\n<figure class=\"wp-block-image size-large\"><img decoding=\"async\" loading=\"lazy\" width=\"9591\" height=\"8964\" data-id=\"9230\"  src=\"https:\/\/macknole.de\/wp-content\/uploads\/2022\/05\/wp-1652980840606.jpg\" alt=\"\" class=\"wp-image-9230\" srcset=\"https:\/\/macknole.de\/wp-content\/uploads\/2022\/05\/wp-1652980840606.jpg 9591w, https:\/\/macknole.de\/wp-content\/uploads\/2022\/05\/wp-1652980840606-300x280.jpg 300w, https:\/\/macknole.de\/wp-content\/uploads\/2022\/05\/wp-1652980840606-1024x957.jpg 1024w, https:\/\/macknole.de\/wp-content\/uploads\/2022\/05\/wp-1652980840606-768x718.jpg 768w\" sizes=\"(max-width: 9591px) 100vw, 9591px\" \/><figcaption>14.04.2022 &#8211; Tag 28 der Tr\u00e4chtigkeit<\/figcaption><\/figure>\n\n\n\n<figure class=\"wp-block-image size-large\"><img decoding=\"async\" loading=\"lazy\" width=\"9000\" height=\"8999\" data-id=\"9233\"  src=\"https:\/\/macknole.de\/wp-content\/uploads\/2022\/05\/wp-1652980840733.jpg\" alt=\"\" class=\"wp-image-9233\" srcset=\"https:\/\/macknole.de\/wp-content\/uploads\/2022\/05\/wp-1652980840733.jpg 9000w, https:\/\/macknole.de\/wp-content\/uploads\/2022\/05\/wp-1652980840733-300x300.jpg 300w, https:\/\/macknole.de\/wp-content\/uploads\/2022\/05\/wp-1652980840733-768x768.jpg 768w, https:\/\/macknole.de\/wp-content\/uploads\/2022\/05\/wp-1652980840733-1536x1536.jpg 1536w, https:\/\/macknole.de\/wp-content\/uploads\/2022\/05\/wp-1652980840733-640x640.jpg 640w, https:\/\/macknole.de\/wp-content\/uploads\/2022\/05\/wp-1652980840733-50x50.jpg 50w\" sizes=\"(max-width: 9000px) 100vw, 9000px\" \/><figcaption>21.04.2022 &#8211; Tag 35 der Tr\u00e4chtigkeit<\/figcaption><\/figure>\n\n\n\n<figure class=\"wp-block-image size-large\"><img decoding=\"async\" loading=\"lazy\" width=\"2560\" height=\"2560\" data-id=\"9129\"  src=\"https:\/\/macknole.de\/wp-content\/uploads\/2022\/05\/wp-1651429751156-scaled.jpg\" alt=\"\" class=\"wp-image-9129\" srcset=\"https:\/\/macknole.de\/wp-content\/uploads\/2022\/05\/wp-1651429751156-scaled.jpg 2560w, https:\/\/macknole.de\/wp-content\/uploads\/2022\/05\/wp-1651429751156-300x300.jpg 300w, https:\/\/macknole.de\/wp-content\/uploads\/2022\/05\/wp-1651429751156-1024x1024.jpg 1024w, https:\/\/macknole.de\/wp-content\/uploads\/2022\/05\/wp-1651429751156-150x150.jpg 150w, https:\/\/macknole.de\/wp-content\/uploads\/2022\/05\/wp-1651429751156-768x768.jpg 768w, https:\/\/macknole.de\/wp-content\/uploads\/2022\/05\/wp-1651429751156-1536x1536.jpg 1536w\" sizes=\"(max-width: 2560px) 100vw, 2560px\" \/><figcaption>27.04.2022 &#8211; Tag 40 der Tr\u00e4chtigkeit<\/figcaption><\/figure>\n\n\n\n<figure class=\"wp-block-image size-large\"><img decoding=\"async\" loading=\"lazy\" width=\"2560\" height=\"2560\" data-id=\"9231\"  src=\"https:\/\/macknole.de\/wp-content\/uploads\/2022\/05\/wp-1652980840882-scaled.jpg\" alt=\"\" class=\"wp-image-9231\" srcset=\"https:\/\/macknole.de\/wp-content\/uploads\/2022\/05\/wp-1652980840882-scaled.jpg 2560w, https:\/\/macknole.de\/wp-content\/uploads\/2022\/05\/wp-1652980840882-300x300.jpg 300w\" sizes=\"(max-width: 2560px) 100vw, 2560px\" \/><figcaption>03. Mai 2022 &#8211; Tag 47 der Tr\u00e4chtigkeit<\/figcaption><\/figure>\n\n\n\n<figure class=\"wp-block-image size-large\"><img decoding=\"async\" loading=\"lazy\" width=\"9375\" height=\"8478\" data-id=\"9232\"  src=\"https:\/\/macknole.de\/wp-content\/uploads\/2022\/05\/wp-1652980840977.jpg\" alt=\"\" class=\"wp-image-9232\" srcset=\"https:\/\/macknole.de\/wp-content\/uploads\/2022\/05\/wp-1652980840977.jpg 9375w, https:\/\/macknole.de\/wp-content\/uploads\/2022\/05\/wp-1652980840977-300x271.jpg 300w, https:\/\/macknole.de\/wp-content\/uploads\/2022\/05\/wp-1652980840977-1024x926.jpg 1024w, https:\/\/macknole.de\/wp-content\/uploads\/2022\/05\/wp-1652980840977-768x695.jpg 768w, https:\/\/macknole.de\/wp-content\/uploads\/2022\/05\/wp-1652980840977-1536x1389.jpg 1536w\" sizes=\"(max-width: 9375px) 100vw, 9375px\" \/><figcaption>04.05.2022 &#8211; Tag 48 der Tr\u00e4chtigkeit<\/figcaption><\/figure>\n\n\n\n<figure class=\"wp-block-image size-large\"><img decoding=\"async\" loading=\"lazy\" width=\"2560\" height=\"2560\" data-id=\"9234\"  src=\"https:\/\/macknole.de\/wp-content\/uploads\/2022\/05\/wp-1652980841106-scaled.jpg\" alt=\"\" class=\"wp-image-9234\" srcset=\"https:\/\/macknole.de\/wp-content\/uploads\/2022\/05\/wp-1652980841106-scaled.jpg 2560w, https:\/\/macknole.de\/wp-content\/uploads\/2022\/05\/wp-1652980841106-300x300.jpg 300w, https:\/\/macknole.de\/wp-content\/uploads\/2022\/05\/wp-1652980841106-1024x1024.jpg 1024w, https:\/\/macknole.de\/wp-content\/uploads\/2022\/05\/wp-1652980841106-150x150.jpg 150w, https:\/\/macknole.de\/wp-content\/uploads\/2022\/05\/wp-1652980841106-768x768.jpg 768w, https:\/\/macknole.de\/wp-content\/uploads\/2022\/05\/wp-1652980841106-1536x1536.jpg 1536w, https:\/\/macknole.de\/wp-content\/uploads\/2022\/05\/wp-1652980841106-2048x2048.jpg 2048w, https:\/\/macknole.de\/wp-content\/uploads\/2022\/05\/wp-1652980841106-640x640.jpg 640w, https:\/\/macknole.de\/wp-content\/uploads\/2022\/05\/wp-1652980841106-140x140.jpg 140w, https:\/\/macknole.de\/wp-content\/uploads\/2022\/05\/wp-1652980841106-666x666.jpg 666w\" sizes=\"(max-width: 2560px) 100vw, 2560px\" \/><figcaption>11.05.2022 &#8211; Tag 55 der Tr\u00e4chtigkeit<\/figcaption><\/figure>\n\n\n\n<figure class=\"wp-block-image size-large\"><img decoding=\"async\" loading=\"lazy\" width=\"2560\" height=\"2387\" data-id=\"9235\"  src=\"https:\/\/macknole.de\/wp-content\/uploads\/2022\/05\/wp-1652980841166-scaled.jpg\" alt=\"\" class=\"wp-image-9235\" srcset=\"https:\/\/macknole.de\/wp-content\/uploads\/2022\/05\/wp-1652980841166-scaled.jpg 2560w, https:\/\/macknole.de\/wp-content\/uploads\/2022\/05\/wp-1652980841166-300x280.jpg 300w, https:\/\/macknole.de\/wp-content\/uploads\/2022\/05\/wp-1652980841166-1024x955.jpg 1024w, https:\/\/macknole.de\/wp-content\/uploads\/2022\/05\/wp-1652980841166-768x716.jpg 768w\" sizes=\"(max-width: 2560px) 100vw, 2560px\" \/><figcaption>12.05.2022 &#8211; Tag 56 der Tr\u00e4chtigkeit<\/figcaption><\/figure>\n\n\n\n<figure class=\"wp-block-image size-large\"><img decoding=\"async\" loading=\"lazy\" width=\"10050\" height=\"8797\" data-id=\"9236\"  src=\"https:\/\/macknole.de\/wp-content\/uploads\/2022\/05\/wp-1652980841268.jpg\" alt=\"\" class=\"wp-image-9236\" srcset=\"https:\/\/macknole.de\/wp-content\/uploads\/2022\/05\/wp-1652980841268.jpg 10050w, https:\/\/macknole.de\/wp-content\/uploads\/2022\/05\/wp-1652980841268-300x263.jpg 300w, https:\/\/macknole.de\/wp-content\/uploads\/2022\/05\/wp-1652980841268-1024x896.jpg 1024w\" sizes=\"(max-width: 10050px) 100vw, 10050px\" \/><figcaption>15.05.2022 &#8211; Tag 58 der Tr\u00e4chtigkeit<\/figcaption><\/figure>\n<\/figure>\n\n\n<blockquote>\n<h5><span style=\"color: #ff0000;\">DIE ANAM CARAS SIND GEBOREN<\/span><\/h5>\n<\/blockquote>\n<p style=\"text-align: justify;\">Mit dem Tag 59 und der Geburt unserer Anam Caras endet das Tr\u00e4chtigkeitstagebuch des A-Wurfes. Die Entwicklung der Anam Caras kann hier verfolgt werden:<\/p>\n\n\n<div class=\"is-content-justification-center is-layout-flex wp-container-5 wp-block-buttons\">\n<div class=\"wp-block-button\"><a class=\"wp-block-button__link\" href=\"https:\/\/macknole.de\/?page_id=794\">Welpenzeit<\/a><\/div>\n<\/div>\n","protected":false},"excerpt":{"rendered":"<p>TR&Auml;CHTIGKEITSVERLAUF Nach dem erfolgreichen Deckakt beginnt die wohl schwierigste Zeit f&uuml;r einen Z&uuml;chter: Das Warten, ob die Wunschverpaarung Fr&uuml;chte tragen wird, ob sich der Charakter des Hundes durch die Ver&auml;nderung<\/p>\n<p class=\"more-link\"><a href=\"https:\/\/macknole.de\/?page_id=8727\" class=\"readmore\">Continue reading<svg class=\"icon icon-arrow-right\" aria-hidden=\"true\" role=\"img\"> <use href=\"#icon-arrow-right\" xlink:href=\"#icon-arrow-right\"><\/use> <\/svg><span class=\"screen-reader-text\">Tr\u00e4chtigkeitswochen<\/span><\/a><\/p>\n","protected":false},"author":1,"featured_media":0,"parent":0,"menu_order":0,"comment_status":"closed","ping_status":"closed","template":"","meta":[],"_links":{"self":[{"href":"https:\/\/macknole.de\/index.php?rest_route=\/wp\/v2\/pages\/8727"}],"collection":[{"href":"https:\/\/macknole.de\/index.php?rest_route=\/wp\/v2\/pages"}],"about":[{"href":"https:\/\/macknole.de\/index.php?rest_route=\/wp\/v2\/types\/page"}],"author":[{"embeddable":true,"href":"https:\/\/macknole.de\/index.php?rest_route=\/wp\/v2\/users\/1"}],"replies":[{"embeddable":true,"href":"https:\/\/macknole.de\/index.php?rest_route=%2Fwp%2Fv2%2Fcomments&post=8727"}],"version-history":[{"count":58,"href":"https:\/\/macknole.de\/index.php?rest_route=\/wp\/v2\/pages\/8727\/revisions"}],"predecessor-version":[{"id":9239,"href":"https:\/\/macknole.de\/index.php?rest_route=\/wp\/v2\/pages\/8727\/revisions\/9239"}],"wp:attachment":[{"href":"https:\/\/macknole.de\/index.php?rest_route=%2Fwp%2Fv2%2Fmedia&parent=8727"}],"curies":[{"name":"wp","href":"https:\/\/api.w.org\/{rel}","templated":true}]}}