{"id":794,"date":"2021-06-14T18:46:23","date_gmt":"2021-06-14T18:46:23","guid":{"rendered":"https:\/\/macknole.de\/?page_id=794"},"modified":"2022-11-03T18:57:50","modified_gmt":"2022-11-03T18:57:50","slug":"welpenzeit","status":"publish","type":"page","link":"https:\/\/macknole.de\/?page_id=794","title":{"rendered":"Welpenzeit"},"content":{"rendered":"<blockquote>\n<h5><span style=\"color: #ff0000;\">ANAM CARAS SIND GEBOREN<\/span><\/h5>\n<\/blockquote>\n<p style=\"text-align: justify;\">Unsere Anam Caras wurden am 15. Mai 2022 zwischen 15:45 und 22:47 Uhr geboren. Es wurden 3 R\u00fcden und 6 H\u00fcndinnen durch unsere Ciara ins Leben geholt. Leider wurde ein M\u00e4dchen, das Schwerste und Letzte mit mehr als zehn Stunden Abstand zu ihren Geschwistern, still geboren. Gute Reise ins Regenbogenland.<\/p>\n<blockquote>\n<h5><span style=\"color: #ff0000;\">EINZELVORSTELLUNG<\/span><\/h5>\n<\/blockquote>\n<p style=\"text-align: justify;\">In den n\u00e4chsten Tagen gelangt man durch einen Klick auf das Bild direkt zu jedem einzelnen Anam Cara.<\/p>\n\n\n<figure class=\"is-layout-flex wp-block-gallery-1 wp-block-gallery has-nested-images columns-default is-cropped\">\n<figure class=\"wp-block-image size-large\"><a href=\"https:\/\/macknole.de\/?page_id=9258\"><img decoding=\"async\" loading=\"lazy\" width=\"1024\" height=\"1024\" data-id=\"9255\"  src=\"https:\/\/macknole.de\/wp-content\/uploads\/2022\/05\/20220518_092352_0000-1-1024x1024.png\" alt=\"\" class=\"wp-image-9255\" srcset=\"https:\/\/macknole.de\/wp-content\/uploads\/2022\/05\/20220518_092352_0000-1-1024x1024.png 1024w, https:\/\/macknole.de\/wp-content\/uploads\/2022\/05\/20220518_092352_0000-1-300x300.png 300w, https:\/\/macknole.de\/wp-content\/uploads\/2022\/05\/20220518_092352_0000-1-150x150.png 150w, https:\/\/macknole.de\/wp-content\/uploads\/2022\/05\/20220518_092352_0000-1-768x768.png 768w, https:\/\/macknole.de\/wp-content\/uploads\/2022\/05\/20220518_092352_0000-1-640x640.png 640w, https:\/\/macknole.de\/wp-content\/uploads\/2022\/05\/20220518_092352_0000-1-960x960.png 960w, https:\/\/macknole.de\/wp-content\/uploads\/2022\/05\/20220518_092352_0000-1-140x140.png 140w, https:\/\/macknole.de\/wp-content\/uploads\/2022\/05\/20220518_092352_0000-1-50x50.png 50w, https:\/\/macknole.de\/wp-content\/uploads\/2022\/05\/20220518_092352_0000-1-666x666.png 666w, https:\/\/macknole.de\/wp-content\/uploads\/2022\/05\/20220518_092352_0000-1-80x80.png 80w, https:\/\/macknole.de\/wp-content\/uploads\/2022\/05\/20220518_092352_0000-1.png 1080w\" sizes=\"(max-width: 1024px) 100vw, 1024px\" \/><\/a><\/figure>\n\n\n\n<figure class=\"wp-block-image size-large\"><a href=\"https:\/\/macknole.de\/?page_id=9302\"><img decoding=\"async\" loading=\"lazy\" width=\"1024\" height=\"1024\" data-id=\"9246\"  src=\"https:\/\/macknole.de\/wp-content\/uploads\/2022\/05\/20220518_093406_0000-1024x1024.png\" alt=\"\" class=\"wp-image-9246\" srcset=\"https:\/\/macknole.de\/wp-content\/uploads\/2022\/05\/20220518_093406_0000-1024x1024.png 1024w, https:\/\/macknole.de\/wp-content\/uploads\/2022\/05\/20220518_093406_0000-300x300.png 300w, https:\/\/macknole.de\/wp-content\/uploads\/2022\/05\/20220518_093406_0000-150x150.png 150w, https:\/\/macknole.de\/wp-content\/uploads\/2022\/05\/20220518_093406_0000-768x768.png 768w, https:\/\/macknole.de\/wp-content\/uploads\/2022\/05\/20220518_093406_0000-640x640.png 640w, https:\/\/macknole.de\/wp-content\/uploads\/2022\/05\/20220518_093406_0000-960x960.png 960w, https:\/\/macknole.de\/wp-content\/uploads\/2022\/05\/20220518_093406_0000-140x140.png 140w, https:\/\/macknole.de\/wp-content\/uploads\/2022\/05\/20220518_093406_0000-50x50.png 50w, https:\/\/macknole.de\/wp-content\/uploads\/2022\/05\/20220518_093406_0000-666x666.png 666w, https:\/\/macknole.de\/wp-content\/uploads\/2022\/05\/20220518_093406_0000-80x80.png 80w, https:\/\/macknole.de\/wp-content\/uploads\/2022\/05\/20220518_093406_0000.png 1080w\" sizes=\"(max-width: 1024px) 100vw, 1024px\" \/><\/a><\/figure>\n\n\n\n<figure class=\"wp-block-image size-large\"><a href=\"https:\/\/macknole.de\/?page_id=9304\"><img decoding=\"async\" loading=\"lazy\" width=\"1024\" height=\"1024\" data-id=\"9245\"  src=\"https:\/\/macknole.de\/wp-content\/uploads\/2022\/05\/20220518_093308_0000-1024x1024.png\" alt=\"\" class=\"wp-image-9245\" srcset=\"https:\/\/macknole.de\/wp-content\/uploads\/2022\/05\/20220518_093308_0000-1024x1024.png 1024w, https:\/\/macknole.de\/wp-content\/uploads\/2022\/05\/20220518_093308_0000-300x300.png 300w, https:\/\/macknole.de\/wp-content\/uploads\/2022\/05\/20220518_093308_0000-150x150.png 150w, https:\/\/macknole.de\/wp-content\/uploads\/2022\/05\/20220518_093308_0000-768x768.png 768w, https:\/\/macknole.de\/wp-content\/uploads\/2022\/05\/20220518_093308_0000-640x640.png 640w, https:\/\/macknole.de\/wp-content\/uploads\/2022\/05\/20220518_093308_0000-960x960.png 960w, https:\/\/macknole.de\/wp-content\/uploads\/2022\/05\/20220518_093308_0000-140x140.png 140w, https:\/\/macknole.de\/wp-content\/uploads\/2022\/05\/20220518_093308_0000-50x50.png 50w, https:\/\/macknole.de\/wp-content\/uploads\/2022\/05\/20220518_093308_0000-666x666.png 666w, https:\/\/macknole.de\/wp-content\/uploads\/2022\/05\/20220518_093308_0000-80x80.png 80w, https:\/\/macknole.de\/wp-content\/uploads\/2022\/05\/20220518_093308_0000.png 1080w\" sizes=\"(max-width: 1024px) 100vw, 1024px\" \/><\/a><\/figure>\n\n\n\n<figure class=\"wp-block-image size-large\"><a href=\"https:\/\/macknole.de\/?page_id=9306\"><img decoding=\"async\" loading=\"lazy\" width=\"1024\" height=\"1024\" data-id=\"9241\"  src=\"https:\/\/macknole.de\/wp-content\/uploads\/2022\/05\/20220518_184049_0000-1024x1024.png\" alt=\"\" class=\"wp-image-9241\" srcset=\"https:\/\/macknole.de\/wp-content\/uploads\/2022\/05\/20220518_184049_0000-1024x1024.png 1024w, https:\/\/macknole.de\/wp-content\/uploads\/2022\/05\/20220518_184049_0000-300x300.png 300w, https:\/\/macknole.de\/wp-content\/uploads\/2022\/05\/20220518_184049_0000-150x150.png 150w, https:\/\/macknole.de\/wp-content\/uploads\/2022\/05\/20220518_184049_0000-768x768.png 768w, https:\/\/macknole.de\/wp-content\/uploads\/2022\/05\/20220518_184049_0000-640x640.png 640w, https:\/\/macknole.de\/wp-content\/uploads\/2022\/05\/20220518_184049_0000-960x960.png 960w, https:\/\/macknole.de\/wp-content\/uploads\/2022\/05\/20220518_184049_0000-140x140.png 140w, https:\/\/macknole.de\/wp-content\/uploads\/2022\/05\/20220518_184049_0000-50x50.png 50w, https:\/\/macknole.de\/wp-content\/uploads\/2022\/05\/20220518_184049_0000-666x666.png 666w, https:\/\/macknole.de\/wp-content\/uploads\/2022\/05\/20220518_184049_0000-80x80.png 80w, https:\/\/macknole.de\/wp-content\/uploads\/2022\/05\/20220518_184049_0000.png 1080w\" sizes=\"(max-width: 1024px) 100vw, 1024px\" \/><\/a><\/figure>\n\n\n\n<figure class=\"wp-block-image size-large\"><a href=\"https:\/\/macknole.de\/?page_id=9308\"><img decoding=\"async\" loading=\"lazy\" width=\"1024\" height=\"1024\" data-id=\"9243\"  src=\"https:\/\/macknole.de\/wp-content\/uploads\/2022\/05\/20220518_093125_0000-1024x1024.png\" alt=\"\" class=\"wp-image-9243\" srcset=\"https:\/\/macknole.de\/wp-content\/uploads\/2022\/05\/20220518_093125_0000-1024x1024.png 1024w, https:\/\/macknole.de\/wp-content\/uploads\/2022\/05\/20220518_093125_0000-300x300.png 300w, https:\/\/macknole.de\/wp-content\/uploads\/2022\/05\/20220518_093125_0000-150x150.png 150w, https:\/\/macknole.de\/wp-content\/uploads\/2022\/05\/20220518_093125_0000-768x768.png 768w, https:\/\/macknole.de\/wp-content\/uploads\/2022\/05\/20220518_093125_0000-640x640.png 640w, https:\/\/macknole.de\/wp-content\/uploads\/2022\/05\/20220518_093125_0000-960x960.png 960w, https:\/\/macknole.de\/wp-content\/uploads\/2022\/05\/20220518_093125_0000-140x140.png 140w, https:\/\/macknole.de\/wp-content\/uploads\/2022\/05\/20220518_093125_0000-50x50.png 50w, https:\/\/macknole.de\/wp-content\/uploads\/2022\/05\/20220518_093125_0000-666x666.png 666w, https:\/\/macknole.de\/wp-content\/uploads\/2022\/05\/20220518_093125_0000-80x80.png 80w, https:\/\/macknole.de\/wp-content\/uploads\/2022\/05\/20220518_093125_0000.png 1080w\" sizes=\"(max-width: 1024px) 100vw, 1024px\" \/><\/a><\/figure>\n\n\n\n<figure class=\"wp-block-image size-large\"><a href=\"https:\/\/macknole.de\/?page_id=9310\"><img decoding=\"async\" loading=\"lazy\" width=\"1024\" height=\"1024\" data-id=\"9248\"  src=\"https:\/\/macknole.de\/wp-content\/uploads\/2022\/05\/20220518_093206_0000-1024x1024.png\" alt=\"\" class=\"wp-image-9248\" srcset=\"https:\/\/macknole.de\/wp-content\/uploads\/2022\/05\/20220518_093206_0000-1024x1024.png 1024w, https:\/\/macknole.de\/wp-content\/uploads\/2022\/05\/20220518_093206_0000-300x300.png 300w, https:\/\/macknole.de\/wp-content\/uploads\/2022\/05\/20220518_093206_0000-150x150.png 150w, https:\/\/macknole.de\/wp-content\/uploads\/2022\/05\/20220518_093206_0000-768x768.png 768w, https:\/\/macknole.de\/wp-content\/uploads\/2022\/05\/20220518_093206_0000-640x640.png 640w, https:\/\/macknole.de\/wp-content\/uploads\/2022\/05\/20220518_093206_0000-960x960.png 960w, https:\/\/macknole.de\/wp-content\/uploads\/2022\/05\/20220518_093206_0000-140x140.png 140w, https:\/\/macknole.de\/wp-content\/uploads\/2022\/05\/20220518_093206_0000-50x50.png 50w, https:\/\/macknole.de\/wp-content\/uploads\/2022\/05\/20220518_093206_0000-666x666.png 666w, https:\/\/macknole.de\/wp-content\/uploads\/2022\/05\/20220518_093206_0000-80x80.png 80w, https:\/\/macknole.de\/wp-content\/uploads\/2022\/05\/20220518_093206_0000.png 1080w\" sizes=\"(max-width: 1024px) 100vw, 1024px\" \/><\/a><\/figure>\n\n\n\n<figure class=\"wp-block-image size-large\"><a href=\"https:\/\/macknole.de\/?page_id=9312\"><img decoding=\"async\" loading=\"lazy\" width=\"1024\" height=\"1024\" data-id=\"9249\"  src=\"https:\/\/macknole.de\/wp-content\/uploads\/2022\/05\/20220518_093058_00001-1024x1024.png\" alt=\"\" class=\"wp-image-9249\" srcset=\"https:\/\/macknole.de\/wp-content\/uploads\/2022\/05\/20220518_093058_00001-1024x1024.png 1024w, https:\/\/macknole.de\/wp-content\/uploads\/2022\/05\/20220518_093058_00001-300x300.png 300w, https:\/\/macknole.de\/wp-content\/uploads\/2022\/05\/20220518_093058_00001-150x150.png 150w, https:\/\/macknole.de\/wp-content\/uploads\/2022\/05\/20220518_093058_00001-768x768.png 768w, https:\/\/macknole.de\/wp-content\/uploads\/2022\/05\/20220518_093058_00001-640x640.png 640w, https:\/\/macknole.de\/wp-content\/uploads\/2022\/05\/20220518_093058_00001-960x960.png 960w, https:\/\/macknole.de\/wp-content\/uploads\/2022\/05\/20220518_093058_00001-140x140.png 140w, https:\/\/macknole.de\/wp-content\/uploads\/2022\/05\/20220518_093058_00001-50x50.png 50w, https:\/\/macknole.de\/wp-content\/uploads\/2022\/05\/20220518_093058_00001-666x666.png 666w, https:\/\/macknole.de\/wp-content\/uploads\/2022\/05\/20220518_093058_00001-80x80.png 80w, https:\/\/macknole.de\/wp-content\/uploads\/2022\/05\/20220518_093058_00001.png 1080w\" sizes=\"(max-width: 1024px) 100vw, 1024px\" \/><\/a><\/figure>\n\n\n\n<figure class=\"wp-block-image size-large\"><a href=\"https:\/\/macknole.de\/?page_id=9314\"><img decoding=\"async\" loading=\"lazy\" width=\"1024\" height=\"1024\" data-id=\"9251\"  src=\"https:\/\/macknole.de\/wp-content\/uploads\/2022\/05\/20220518_091015_0000-1024x1024.png\" alt=\"\" class=\"wp-image-9251\" srcset=\"https:\/\/macknole.de\/wp-content\/uploads\/2022\/05\/20220518_091015_0000-1024x1024.png 1024w, https:\/\/macknole.de\/wp-content\/uploads\/2022\/05\/20220518_091015_0000-300x300.png 300w, https:\/\/macknole.de\/wp-content\/uploads\/2022\/05\/20220518_091015_0000-150x150.png 150w, https:\/\/macknole.de\/wp-content\/uploads\/2022\/05\/20220518_091015_0000-768x768.png 768w, https:\/\/macknole.de\/wp-content\/uploads\/2022\/05\/20220518_091015_0000-640x640.png 640w, https:\/\/macknole.de\/wp-content\/uploads\/2022\/05\/20220518_091015_0000-960x960.png 960w, https:\/\/macknole.de\/wp-content\/uploads\/2022\/05\/20220518_091015_0000-140x140.png 140w, https:\/\/macknole.de\/wp-content\/uploads\/2022\/05\/20220518_091015_0000-50x50.png 50w, https:\/\/macknole.de\/wp-content\/uploads\/2022\/05\/20220518_091015_0000-666x666.png 666w, https:\/\/macknole.de\/wp-content\/uploads\/2022\/05\/20220518_091015_0000-80x80.png 80w, https:\/\/macknole.de\/wp-content\/uploads\/2022\/05\/20220518_091015_0000.png 1080w\" sizes=\"(max-width: 1024px) 100vw, 1024px\" \/><\/a><\/figure>\n\n\n\n<figure class=\"wp-block-image size-large\"><img decoding=\"async\" loading=\"lazy\" width=\"1024\" height=\"1024\" data-id=\"9242\"  src=\"https:\/\/macknole.de\/wp-content\/uploads\/2022\/05\/20220518_091223_0000-1024x1024.png\" alt=\"\" class=\"wp-image-9242\" srcset=\"https:\/\/macknole.de\/wp-content\/uploads\/2022\/05\/20220518_091223_0000-1024x1024.png 1024w, https:\/\/macknole.de\/wp-content\/uploads\/2022\/05\/20220518_091223_0000-300x300.png 300w, https:\/\/macknole.de\/wp-content\/uploads\/2022\/05\/20220518_091223_0000-150x150.png 150w, https:\/\/macknole.de\/wp-content\/uploads\/2022\/05\/20220518_091223_0000-768x768.png 768w, https:\/\/macknole.de\/wp-content\/uploads\/2022\/05\/20220518_091223_0000-640x640.png 640w, https:\/\/macknole.de\/wp-content\/uploads\/2022\/05\/20220518_091223_0000-960x960.png 960w, https:\/\/macknole.de\/wp-content\/uploads\/2022\/05\/20220518_091223_0000-140x140.png 140w, https:\/\/macknole.de\/wp-content\/uploads\/2022\/05\/20220518_091223_0000-50x50.png 50w, https:\/\/macknole.de\/wp-content\/uploads\/2022\/05\/20220518_091223_0000-666x666.png 666w, https:\/\/macknole.de\/wp-content\/uploads\/2022\/05\/20220518_091223_0000-80x80.png 80w, https:\/\/macknole.de\/wp-content\/uploads\/2022\/05\/20220518_091223_0000.png 1080w\" sizes=\"(max-width: 1024px) 100vw, 1024px\" \/><\/figure>\n<\/figure>\n\n\n<blockquote>\n<h5 style=\"text-align: center;\"><span style=\"color: #ff0000;\">K\u00d6RPERLICHE ENTWICKLUNG UNSERER ANAM CARAS<br><\/span><\/h5>\n<\/blockquote>\n<div>Tabellen folgen in den n\u00e4chsten Tagen.<\/div>\n\n\n<div class=\"is-layout-flex wp-block-buttons\">\n<div class=\"wp-block-button is-style-outline\"><a class=\"wp-block-button__link wp-element-button\">gewichte Woche 1<\/a><\/div>\n\n\n\n<div class=\"wp-block-button is-style-outline\"><a class=\"wp-block-button__link wp-element-button\">Gewichte Woche 2<\/a><\/div>\n\n\n\n<div class=\"wp-block-button is-style-outline\"><a class=\"wp-block-button__link wp-element-button\">Gewichte Woche 3<\/a><\/div>\n<\/div>\n\n\n<blockquote>\n<h5><span style=\"color: #ff0000;\">WIE UNSERE ANAM CARAS AUFWACHSEN<\/span><\/h5>\n<\/blockquote>\n\n\n<div class=\"is-layout-flex wp-block-buttons\">\n<div class=\"wp-block-button is-style-outline\"><a class=\"wp-block-button__link wp-element-button\" href=\"https:\/\/www.tiktok.com\/@macknoles_ridgebacks\/video\/7095391763753487622?is_copy_url=1&amp;is_from_webapp=v1\" target=\"_blank\" rel=\"noreferrer noopener\">welpenzimmer<\/a><\/div>\n\n\n\n<div class=\"wp-block-button is-style-outline\"><a class=\"wp-block-button__link wp-element-button\" href=\"https:\/\/www.tiktok.com\/@macknoles_ridgebacks\/video\/7098287728688680198?is_copy_url=1&amp;is_from_webapp=v1\" target=\"_blank\" rel=\"noreferrer noopener\">Hello World!<\/a><\/div>\n\n\n\n<div class=\"wp-block-button is-style-outline\"><a class=\"wp-block-button__link wp-element-button\" href=\"https:\/\/www.tiktok.com\/@macknoles_ridgebacks\/video\/7106093659329809670?is_copy_url=1&amp;is_from_webapp=v1\" target=\"_blank\" rel=\"noreferrer noopener\">Indoor-Spielzimmer<\/a><\/div>\n\n\n\n<div class=\"wp-block-button is-style-outline\"><a class=\"wp-block-button__link wp-element-button\" href=\"https:\/\/www.tiktok.com\/@macknoles_ridgebacks\/video\/7111617096747896070?is_copy_url=1&amp;is_from_webapp=v1\" target=\"_blank\" rel=\"noreferrer noopener\">1. outdoor-Bereich<\/a><\/div>\n<\/div>\n\n\n\n<p><\/p>\n","protected":false},"excerpt":{"rendered":"<p>ANAM CARAS SIND GEBOREN Unsere Anam Caras wurden am 15. Mai 2022 zwischen 15:45 und 22:47 Uhr geboren. Es wurden 3 R&uuml;den und 6 H&uuml;ndinnen durch unsere Ciara ins Leben<\/p>\n<p class=\"more-link\"><a href=\"https:\/\/macknole.de\/?page_id=794\" class=\"readmore\">Continue reading<svg class=\"icon icon-arrow-right\" aria-hidden=\"true\" role=\"img\"> <use href=\"#icon-arrow-right\" xlink:href=\"#icon-arrow-right\"><\/use> <\/svg><span class=\"screen-reader-text\">Welpenzeit<\/span><\/a><\/p>\n","protected":false},"author":1,"featured_media":0,"parent":770,"menu_order":0,"comment_status":"closed","ping_status":"closed","template":"","meta":[],"_links":{"self":[{"href":"https:\/\/macknole.de\/index.php?rest_route=\/wp\/v2\/pages\/794"}],"collection":[{"href":"https:\/\/macknole.de\/index.php?rest_route=\/wp\/v2\/pages"}],"about":[{"href":"https:\/\/macknole.de\/index.php?rest_route=\/wp\/v2\/types\/page"}],"author":[{"embeddable":true,"href":"https:\/\/macknole.de\/index.php?rest_route=\/wp\/v2\/users\/1"}],"replies":[{"embeddable":true,"href":"https:\/\/macknole.de\/index.php?rest_route=%2Fwp%2Fv2%2Fcomments&post=794"}],"version-history":[{"count":23,"href":"https:\/\/macknole.de\/index.php?rest_route=\/wp\/v2\/pages\/794\/revisions"}],"predecessor-version":[{"id":9481,"href":"https:\/\/macknole.de\/index.php?rest_route=\/wp\/v2\/pages\/794\/revisions\/9481"}],"up":[{"embeddable":true,"href":"https:\/\/macknole.de\/index.php?rest_route=\/wp\/v2\/pages\/770"}],"wp:attachment":[{"href":"https:\/\/macknole.de\/index.php?rest_route=%2Fwp%2Fv2%2Fmedia&parent=794"}],"curies":[{"name":"wp","href":"https:\/\/api.w.org\/{rel}","templated":true}]}}