{"id":770,"date":"2021-06-14T18:05:38","date_gmt":"2021-06-14T18:05:38","guid":{"rendered":"https:\/\/macknole.de\/?page_id=770"},"modified":"2022-09-18T10:09:23","modified_gmt":"2022-09-18T10:09:23","slug":"a-wurf-2021","status":"publish","type":"page","link":"https:\/\/macknole.de\/?page_id=770","title":{"rendered":"Anam Cara 2022"},"content":{"rendered":"<blockquote>\n<h5><span style=\"color: #ff0000;\"><strong>ANAM CARA &#8211; MACKNOLE&#8217;S SOUL FRIEND LITTER<br><\/strong><\/span><\/h5>\n<hr><\/blockquote>\n<p style=\"text-align: justify;\">Anam ist das g\u00e4lische Wort f\u00fcr Seele, Cara hei\u00dft Freund. Anam Cara bedeutet nach keltischem Verst\u00e4ndnis also \u00abSeelenfreund\u00bb und genau das ist es was diese wunderbare Rasse f\u00fcr uns bedeutet.&nbsp; Und genau das ist der Grund, warum dies auch der Name unseres ersten Wurfes werden wird.<\/p>\n<p style=\"text-align: justify;\">Wir folgen damit also unserer Tradition, dass auch die Wurfnamen g\u00e4lisch gepr\u00e4gt werden. Der Name des Wurfes w\u00fcrde somit mit &#8222;Macknole mo Anam Cara XXX&#8220; anfangen.<\/p>\n<p style=\"text-align: justify;\">Sollten Sie Interesse an einem Welpen aus unserer Zucht haben, scheuen Sie sich nicht uns schon jetzt anzusprechen. Wir freuen uns auf Ihre Nachricht.<\/p>\n<blockquote>\n<h5><span style=\"color: #ff0000;\"><strong>YE JAPHA PATRICIA CIARA MCKENZIE &amp; NYANGANI OPIYO<\/strong><\/span><\/h5>\n<\/blockquote>\n<p style=\"text-align: justify;\">Da sowohl Ciara als auch Flash sehr wesensfeste und geerdete Hunde sind, versprechen wir uns aus dieser Verpaarung ebensolche Nachkommen. Neben einem der Rasse entsprechenden Charakter, erhoffen wir uns sportliche und ausgegliche Nachkommen, die sich gern den jeweiligen Aufgaben mit ihren zuk\u00fcnftigen Menschen stellen.<\/p>\n<p style=\"text-align: justify;\">Im Anam Cara Litter werden keine Livernose-Welpen geboren werden.<\/p>\n<blockquote>\n<h5><span style=\"color: #ff0000;\"><strong>INFORMATIONEN ZU DEN ELTERN<\/strong><\/span><\/h5>\n<\/blockquote>\n<p style=\"text-align: justify;\"><img decoding=\"async\" loading=\"lazy\" class=\"wp-image-8768 alignleft\" src=\"https:\/\/macknole.de\/wp-content\/uploads\/2021\/12\/AD_3-scaled.jpg\" alt=\"\" width=\"510\" height=\"680\"> Wir lernten Flash und seine Menschen bereits im Sommer 2020 pers\u00f6nlich kennen und sind bis heute von seinem sehr angenehmen Wesen begeistert.<\/p>\n<p style=\"text-align: justify;\">Wer mehr \u00fcber den Papa unserer Anam Caras erfahren m\u00f6chte, kann sich gern auf seiner Seite informieren:<\/p>\n\n\n<div class=\"is-layout-flex wp-block-buttons\">\n<div class=\"wp-block-button\"><a class=\"wp-block-button__link\" href=\"https:\/\/www.opiyo.de\/de\/index.html#page-top\" target=\"_blank\" rel=\"noreferrer noopener\">Nyangani Opiyo<\/a><\/div>\n<\/div>\n\n\n\n<p><\/p>\n\n\n\n<p>Weiterf\u00fchrende Informationen zum Wurf:<\/p>\n\n\n\n<div class=\"is-layout-flex wp-block-buttons\">\n<div class=\"wp-block-button\"><a class=\"wp-block-button__link\" href=\"https:\/\/macknole.de\/?page_id=790\" target=\"_blank\" rel=\"noreferrer noopener\">Pedigree Anam Cara Litter 2022<\/a><\/div>\n\n\n\n<div class=\"wp-block-button\"><a class=\"wp-block-button__link\" href=\"https:\/\/macknole.de\/?page_id=792\" target=\"_blank\" rel=\"noreferrer noopener\">Tr\u00e4chtigkeit<\/a><\/div>\n\n\n\n<div class=\"wp-block-button\"><a class=\"wp-block-button__link\" href=\"https:\/\/macknole.de\/?page_id=794\" target=\"_blank\" rel=\"noreferrer noopener\">Welpenzeit<\/a><\/div>\n<\/div>\n","protected":false},"excerpt":{"rendered":"<p>ANAM CARA &ndash; MACKNOLE&rsquo;S SOUL FRIEND LITTER Anam ist das g&auml;lische Wort f&uuml;r Seele, Cara hei&szlig;t Freund. Anam Cara bedeutet nach keltischem Verst&auml;ndnis also &laquo;Seelenfreund&raquo; und genau das ist es<\/p>\n<p class=\"more-link\"><a href=\"https:\/\/macknole.de\/?page_id=770\" class=\"readmore\">Continue reading<svg class=\"icon icon-arrow-right\" aria-hidden=\"true\" role=\"img\"> <use href=\"#icon-arrow-right\" xlink:href=\"#icon-arrow-right\"><\/use> <\/svg><span class=\"screen-reader-text\">Anam Cara 2022<\/span><\/a><\/p>\n","protected":false},"author":1,"featured_media":0,"parent":0,"menu_order":0,"comment_status":"closed","ping_status":"closed","template":"","meta":[],"_links":{"self":[{"href":"https:\/\/macknole.de\/index.php?rest_route=\/wp\/v2\/pages\/770"}],"collection":[{"href":"https:\/\/macknole.de\/index.php?rest_route=\/wp\/v2\/pages"}],"about":[{"href":"https:\/\/macknole.de\/index.php?rest_route=\/wp\/v2\/types\/page"}],"author":[{"embeddable":true,"href":"https:\/\/macknole.de\/index.php?rest_route=\/wp\/v2\/users\/1"}],"replies":[{"embeddable":true,"href":"https:\/\/macknole.de\/index.php?rest_route=%2Fwp%2Fv2%2Fcomments&post=770"}],"version-history":[{"count":33,"href":"https:\/\/macknole.de\/index.php?rest_route=\/wp\/v2\/pages\/770\/revisions"}],"predecessor-version":[{"id":9457,"href":"https:\/\/macknole.de\/index.php?rest_route=\/wp\/v2\/pages\/770\/revisions\/9457"}],"wp:attachment":[{"href":"https:\/\/macknole.de\/index.php?rest_route=%2Fwp%2Fv2%2Fmedia&parent=770"}],"curies":[{"name":"wp","href":"https:\/\/api.w.org\/{rel}","templated":true}]}}