{"id":621,"date":"2020-09-09T17:14:29","date_gmt":"2020-09-09T17:14:29","guid":{"rendered":"https:\/\/macknole.de\/?page_id=621"},"modified":"2020-09-09T17:30:34","modified_gmt":"2020-09-09T17:30:34","slug":"zuchtstaette","status":"publish","type":"page","link":"https:\/\/macknole.de\/?page_id=621","title":{"rendered":"Zuchtst\u00e4tte"},"content":{"rendered":"<p style=\"text-align: justify;\"><span style=\"color: #999999;\">Unsere erste Zuchtst\u00e4tte befindet sich in Ennigerloh, im s\u00fcdlichen M\u00fcnsterland. Ennigerloh ist eine Kleinstadt mit ca. 17.000 Einwohner und sehr l\u00e4ndlich gelegen. Wir wohnen in einem Einfamilienhaus mit gro\u00dfem Garten am Ortsrand. Irgendwann in naher Zukunft werden wir unsere Zuchtst\u00e4tte durch einen Umzug in die Heimat verlegen. <br \/><\/span><\/p>\n<p style=\"text-align: justify;\"><span style=\"color: #999999;\">Unsere Hunde sind f\u00fcr uns Teil der Familie und das leben wir auch. F\u00fcr uns bedeutet das: Unsere Hunde d\u00fcrfen sowohl mit auf das Sofa als auch mit in das Bett. Wenn Sie hier ins Stolpern geraten, sind wir leider der falsche Ansprechpartner f\u00fcr Sie, denn auch unsere Welpen werden in den Genuss des Rudelkuschelns kommen. Das sogenannte Kontaktliegen hat f\u00fcr uns einen genauso wichtigen Stellenwert wie die weitere Pr\u00e4gung der Welpen. Hunde, die sich nachts nicht bei ihrem Rudel aufhalten k\u00f6nnen, wom\u00f6glich noch in unterschiedlichen Bereichen des Hauses aufhalten m\u00fcssen \u2013 nein das geh\u00f6rt nicht zu unserer Philosophie. <\/span><\/p>\n<p style=\"text-align: justify;\"><span style=\"color: #999999;\">Unseren Welpen steht in den ersten Wochen eine sehr gro\u00dfz\u00fcgige Welpenkiste in unserem gro\u00dfz\u00fcgen ca. 50 qm gro\u00dfen Wohnzimmer zur Verf\u00fcgung. Unser Rudel wird w\u00e4hrend der Welpenaufzucht nicht voneinander getrennt. Sobald die Welpen mobil werden, erhalten sie einen begrenzten Auslauf in unser Wohnzimmer. Dieser wird am Anfang ca. 6 qm gro\u00df sein und wird nach und nach vergr\u00f6\u00dfert. Neben dem Wohnzimmer steht den Welpen ein 30 qm gro\u00dfe Holzterrasse zu Verf\u00fcgung, auf der sie ihre ersten Erfahrungen an der frischen Luft sammeln k\u00f6nnen. Welpengerechte Spielger\u00e4te werden sich sowohl dort als auch in den angrenzenden Garten befinden. Der Garten wird f\u00fcr die Welpen auf ca. 200 qm eingegrenzt, so dass jegliche Verletzungsgefahren durch altem Baumbestand und Str\u00e4uchern vermieden werden.<\/span><\/p>\n<p style=\"text-align: justify;\"><span style=\"color: #999999;\">Pr\u00e4gung der Welpen ist ein wichtiger Bestandteil f\u00fcr die Vorbereitung auf das weitere Leben. Nat\u00fcrlich k\u00f6nnen wir jeden verstehen, der so schnell wie m\u00f6glich die Welpen kennen lernen m\u00f6chte. Wir m\u00f6chten dennoch des gr\u00f6\u00dftm\u00f6gliches Stress f\u00fcr die Welpen vermeiden, die ganzen Reize und Erfahrungen sind in den ersten Wochen f\u00fcr so ein kleines Welpenk\u00f6pfchen viel Denksport. Besuche k\u00f6nnen daher erst ab Ende der 5. Lebenswoche stattfinden.\u00a0<\/span><\/p>\n<p style=\"text-align: justify;\"><span style=\"color: #999999;\"> Bei uns gibt es keine Wartelisten und keine Reservierungen in Form von Anzahlungen. Sollten Sie Interesse an einem Welpen von uns haben, dann bitten wir Sie, sich rechtzeitig mit uns in Verbindung zu setzen.<br \/><\/span><\/p>\n\n\n<p><\/p>\n","protected":false},"excerpt":{"rendered":"<p>Unsere erste Zuchtst&auml;tte befindet sich in Ennigerloh, im s&uuml;dlichen M&uuml;nsterland. Ennigerloh ist eine Kleinstadt mit ca. 17.000 Einwohner und sehr l&auml;ndlich gelegen. Wir wohnen in einem Einfamilienhaus mit gro&szlig;em Garten<\/p>\n<p class=\"more-link\"><a href=\"https:\/\/macknole.de\/?page_id=621\" class=\"readmore\">Continue reading<svg class=\"icon icon-arrow-right\" aria-hidden=\"true\" role=\"img\"> <use href=\"#icon-arrow-right\" xlink:href=\"#icon-arrow-right\"><\/use> <\/svg><span class=\"screen-reader-text\">Zuchtst\u00e4tte<\/span><\/a><\/p>\n","protected":false},"author":1,"featured_media":0,"parent":453,"menu_order":0,"comment_status":"closed","ping_status":"closed","template":"","meta":[],"_links":{"self":[{"href":"https:\/\/macknole.de\/index.php?rest_route=\/wp\/v2\/pages\/621"}],"collection":[{"href":"https:\/\/macknole.de\/index.php?rest_route=\/wp\/v2\/pages"}],"about":[{"href":"https:\/\/macknole.de\/index.php?rest_route=\/wp\/v2\/types\/page"}],"author":[{"embeddable":true,"href":"https:\/\/macknole.de\/index.php?rest_route=\/wp\/v2\/users\/1"}],"replies":[{"embeddable":true,"href":"https:\/\/macknole.de\/index.php?rest_route=%2Fwp%2Fv2%2Fcomments&post=621"}],"version-history":[{"count":2,"href":"https:\/\/macknole.de\/index.php?rest_route=\/wp\/v2\/pages\/621\/revisions"}],"predecessor-version":[{"id":624,"href":"https:\/\/macknole.de\/index.php?rest_route=\/wp\/v2\/pages\/621\/revisions\/624"}],"up":[{"embeddable":true,"href":"https:\/\/macknole.de\/index.php?rest_route=\/wp\/v2\/pages\/453"}],"wp:attachment":[{"href":"https:\/\/macknole.de\/index.php?rest_route=%2Fwp%2Fv2%2Fmedia&parent=621"}],"curies":[{"name":"wp","href":"https:\/\/api.w.org\/{rel}","templated":true}]}}