{"id":6,"date":"2019-07-30T08:01:02","date_gmt":"2019-07-30T08:01:02","guid":{"rendered":"https:\/\/macknole.de\/?page_id=6"},"modified":"2022-03-28T18:53:16","modified_gmt":"2022-03-28T18:53:16","slug":"home","status":"publish","type":"page","link":"https:\/\/macknole.de\/","title":{"rendered":"Home"},"content":{"rendered":"<blockquote>\n<h5 style=\"text-align: justify;\"><span style=\"color: #800000;\"><strong>Jedem Anfang wohnt wohl ein gewisser Zauber inne und manchmal, ja manchmal auch ein wenig mehr. Und so wie jede andere beliebige Geschichte hat auch die der Macknoles einen Anfang.<\/strong><\/span><\/h5>\n<hr \/>\n<\/blockquote>\n<div class=\"kvgmc6g5 cxmmr5t8 oygrvhab hcukyx3x c1et5uql ii04i59q\">\n<div dir=\"auto\"><\/div>\n<\/div>\n<div class=\"o9v6fnle cxmmr5t8 oygrvhab hcukyx3x c1et5uql ii04i59q\">\n<div dir=\"auto\" style=\"text-align: justify;\"><span style=\"color: #999999;\">F\u00fcr einige Wenige ist unser Kennelnamen<\/span><\/p>\n<hr \/>\n<\/div>\n<div dir=\"auto\" style=\"text-align: justify;\"><\/div>\n<\/div>\n<div class=\"o9v6fnle cxmmr5t8 oygrvhab hcukyx3x c1et5uql ii04i59q\" style=\"text-align: justify;\">\n<div dir=\"auto\"><img decoding=\"async\" loading=\"lazy\" class=\" wp-image-407 aligncenter\" src=\"http:\/\/macknole.de\/wp-content\/uploads\/2020\/08\/grafik_macknole-e1597592018119.png\" alt=\"\" width=\"273\" height=\"132\" \/><\/div>\n<div dir=\"auto\">\n<hr \/>\n<\/div>\n<\/div>\n<div class=\"o9v6fnle cxmmr5t8 oygrvhab hcukyx3x c1et5uql ii04i59q\" style=\"text-align: justify;\">\n<div dir=\"auto\"><span style=\"color: #999999;\">bereits ein Begriff. Auf die Frage, warum man sich als Ridgebackbesitzer einen derart merkw\u00fcrdigen Kennelnamen zulegt, den man auch noch international sch\u00fctzen l\u00e4sst, kann wohl nur derjenige beantworten, dem dieser Geistesblitz entsprungen ist. In diesem Fall: mir.<\/span><\/div>\n<\/div>\n<div dir=\"auto\"><\/div>\n<div dir=\"auto\">\n<hr \/>\n<\/div>\n<div class=\"o9v6fnle cxmmr5t8 oygrvhab hcukyx3x c1et5uql ii04i59q\">\n<div dir=\"auto\" style=\"text-align: justify;\"><span style=\"color: #999999;\">Wer uns und unsere Hunde kennt wei\u00df, dass deren Namen alle einen schottisch-g\u00e4lischen Hintergrund haben. Erstaunlicherweise haben diese Namen bisher immer das Wesen unserer Hunde eingefangen.<\/span><\/div>\n<\/div>\n<div dir=\"auto\">\n<hr \/>\n<\/div>\n<div class=\"o9v6fnle cxmmr5t8 oygrvhab hcukyx3x c1et5uql ii04i59q\">\n<blockquote>\n<h5 dir=\"auto\"><strong><span style=\"color: #800000;\">Von Anfang an.<\/span><\/strong><\/h5>\n<\/blockquote>\n<\/div>\n<div dir=\"auto\"><\/div>\n<div dir=\"auto\">\n<hr \/>\n<\/div>\n<div class=\"o9v6fnle cxmmr5t8 oygrvhab hcukyx3x c1et5uql ii04i59q\">\n<div dir=\"auto\" style=\"text-align: justify;\"><span style=\"color: #999999;\">Man kann es nun Zufall nennen, aber den Aufwand, den ich bei der Namenswahl unserer Hunde betreibe gleicht nahezu einer wissenschaftlichen Arbeit. Sowas w\u00fcrde ich ungern als Zufall bezeichnen.<\/span><\/div>\n<\/div>\n<div dir=\"auto\">\n<hr \/>\n<\/div>\n<div class=\"o9v6fnle cxmmr5t8 oygrvhab hcukyx3x c1et5uql ii04i59q\" style=\"text-align: justify;\">\n<div dir=\"auto\"><span style=\"color: #999999;\">Aengus oder im urspr\u00fcnglichen G\u00e4lisch auch als Aonghus bezeichnet bedeutet schlicht und einfach: \u201eunnatural strong\u201c. Und das ist er. Der Fels in der Brandung, der Seelenfrieden.<\/span><\/div>\n<\/div>\n<div dir=\"auto\">\n<hr \/>\n<\/div>\n<div dir=\"auto\"><\/div>\n<div class=\"o9v6fnle cxmmr5t8 oygrvhab hcukyx3x c1et5uql ii04i59q\" style=\"text-align: justify;\">\n<div dir=\"auto\"><span style=\"color: #999999;\">Dacey-Rose: Auch wenn sie nicht mehr bei uns ist, ist und bleibt sie unser 1. M\u00e4dchen, unser R\u00f6schen. Sie war ein sehr zartes Pfl\u00e4nzchen mit einer gro\u00dfen Portion Dornen und so traf ihr Name \u201eRose from the South\u201c genau ins Schwarze.<\/span><\/div>\n<\/div>\n<div dir=\"auto\"><\/div>\n<div dir=\"auto\">\n<hr \/>\n<\/div>\n<div class=\"o9v6fnle cxmmr5t8 oygrvhab hcukyx3x c1et5uql ii04i59q\" style=\"text-align: justify;\">\n<div dir=\"auto\"><span style=\"color: #999999;\">Und dann unsere Kleinste im Bunde: Patricia Ciara Mckenzie, in der englischen \u00dcbersetzung \u201ethe noble dark little child of the wise leader\u201d entwickelt sich ebenfalls ihrem Namen gerecht.<\/span><\/div>\n<\/div>\n<div dir=\"auto\">\n<hr \/>\n<\/div>\n<div dir=\"auto\"><\/div>\n<div class=\"o9v6fnle cxmmr5t8 oygrvhab hcukyx3x c1et5uql ii04i59q\" style=\"text-align: justify;\">\n<div dir=\"auto\"><span style=\"color: #999999;\">Den Hang zum Schottisch-G\u00e4lischen gepaart mit unseren Nachnamen rundet unseren Kennelnamen ab.<\/span><\/div>\n<\/div>\n<div dir=\"auto\">\n<hr \/>\n<\/div>\n<div dir=\"auto\"><\/div>\n<div class=\"o9v6fnle cxmmr5t8 oygrvhab hcukyx3x c1et5uql ii04i59q\" style=\"text-align: justify;\">\n<div dir=\"auto\"><span style=\"color: #999999;\">Wir sind ja nicht nur wir, sondern auch unsere Hunde. So kamen wir selbstverst\u00e4ndlich nicht umhin, unsere Hunde auch in dem Logo abzubilden. Die auf den ersten Blick wie Farbklekse wirkenden Tupfer sind in Wirklichkeit Kleebl\u00e4tter, eine Distel und eine Rose.<\/span><\/div>\n<\/div>\n<div dir=\"auto\">\n<hr \/>\n<\/div>\n<div dir=\"auto\"><\/div>\n<div class=\"o9v6fnle cxmmr5t8 oygrvhab hcukyx3x c1et5uql ii04i59q\" style=\"text-align: justify;\">\n<div dir=\"auto\"><span style=\"color: #999999;\">Da Ciara am St. Patrick&#8217;s Day geboren wurde, liegen die Kleebl\u00e4tter schon nahezu in ihrer Wiege. Die Distel steht f\u00fcr den unersch\u00fctterlichen Aengus und die Rose f\u00fcr unser zartes M\u00e4uschen Dacey, die unheimlich stachelig sein konnte.<\/span><\/div>\n<\/div>\n<div dir=\"auto\">\n<hr \/>\n<\/div>\n<div dir=\"auto\"><\/div>\n<div class=\"o9v6fnle cxmmr5t8 oygrvhab hcukyx3x c1et5uql ii04i59q\" style=\"text-align: justify;\">\n<div dir=\"auto\"><span style=\"color: #999999;\">Unsere Hunde in einem Logo vereint &#8211; in einer Schlichtheit, die tiefgr\u00fcndiger nicht sein k\u00f6nnte.<\/span><\/div>\n<\/div>\n<p style=\"text-align: justify;\">\n","protected":false},"excerpt":{"rendered":"<p>Jedem Anfang wohnt wohl ein gewisser Zauber inne und manchmal, ja manchmal auch ein wenig mehr. Und so wie jede andere beliebige Geschichte hat auch die der Macknoles einen Anfang.<\/p>\n<p class=\"more-link\"><a href=\"https:\/\/macknole.de\/\" class=\"readmore\">Continue reading<svg class=\"icon icon-arrow-right\" aria-hidden=\"true\" role=\"img\"> <use href=\"#icon-arrow-right\" xlink:href=\"#icon-arrow-right\"><\/use> <\/svg><span class=\"screen-reader-text\">Home<\/span><\/a><\/p>\n","protected":false},"author":1,"featured_media":0,"parent":0,"menu_order":0,"comment_status":"closed","ping_status":"closed","template":"","meta":[],"_links":{"self":[{"href":"https:\/\/macknole.de\/index.php?rest_route=\/wp\/v2\/pages\/6"}],"collection":[{"href":"https:\/\/macknole.de\/index.php?rest_route=\/wp\/v2\/pages"}],"about":[{"href":"https:\/\/macknole.de\/index.php?rest_route=\/wp\/v2\/types\/page"}],"author":[{"embeddable":true,"href":"https:\/\/macknole.de\/index.php?rest_route=\/wp\/v2\/users\/1"}],"replies":[{"embeddable":true,"href":"https:\/\/macknole.de\/index.php?rest_route=%2Fwp%2Fv2%2Fcomments&post=6"}],"version-history":[{"count":31,"href":"https:\/\/macknole.de\/index.php?rest_route=\/wp\/v2\/pages\/6\/revisions"}],"predecessor-version":[{"id":8911,"href":"https:\/\/macknole.de\/index.php?rest_route=\/wp\/v2\/pages\/6\/revisions\/8911"}],"wp:attachment":[{"href":"https:\/\/macknole.de\/index.php?rest_route=%2Fwp%2Fv2%2Fmedia&parent=6"}],"curies":[{"name":"wp","href":"https:\/\/api.w.org\/{rel}","templated":true}]}}