{"id":453,"date":"2020-08-18T07:47:02","date_gmt":"2020-08-18T07:47:02","guid":{"rendered":"https:\/\/macknole.de\/?page_id=453"},"modified":"2022-03-20T09:45:51","modified_gmt":"2022-03-20T09:45:51","slug":"wurfplanung","status":"publish","type":"page","link":"https:\/\/macknole.de\/?page_id=453","title":{"rendered":"Wurfplanung"},"content":{"rendered":"<blockquote>\n<h5 style=\"text-align: left;\"><span style=\"color: #800000;\"><img decoding=\"async\" loading=\"lazy\" class=\"wp-image-541 alignleft\" src=\"http:\/\/macknole.de\/wp-content\/uploads\/2020\/08\/every-love-story-starts-dreams121023433140251838-e1597858692224.jpeg\" alt=\"\" width=\"229\" height=\"228\" srcset=\"https:\/\/macknole.de\/wp-content\/uploads\/2020\/08\/every-love-story-starts-dreams121023433140251838-e1597858692224.jpeg 1079w, https:\/\/macknole.de\/wp-content\/uploads\/2020\/08\/every-love-story-starts-dreams121023433140251838-e1597858692224-150x150.jpeg 150w, https:\/\/macknole.de\/wp-content\/uploads\/2020\/08\/every-love-story-starts-dreams121023433140251838-e1597858692224-300x300.jpeg 300w, https:\/\/macknole.de\/wp-content\/uploads\/2020\/08\/every-love-story-starts-dreams121023433140251838-e1597858692224-768x766.jpeg 768w, https:\/\/macknole.de\/wp-content\/uploads\/2020\/08\/every-love-story-starts-dreams121023433140251838-e1597858692224-1024x1021.jpeg 1024w, https:\/\/macknole.de\/wp-content\/uploads\/2020\/08\/every-love-story-starts-dreams121023433140251838-e1597858692224-640x640.jpeg 640w, https:\/\/macknole.de\/wp-content\/uploads\/2020\/08\/every-love-story-starts-dreams121023433140251838-e1597858692224-960x960.jpeg 960w, https:\/\/macknole.de\/wp-content\/uploads\/2020\/08\/every-love-story-starts-dreams121023433140251838-e1597858692224-140x140.jpeg 140w, https:\/\/macknole.de\/wp-content\/uploads\/2020\/08\/every-love-story-starts-dreams121023433140251838-e1597858692224-50x50.jpeg 50w, https:\/\/macknole.de\/wp-content\/uploads\/2020\/08\/every-love-story-starts-dreams121023433140251838-e1597858692224-666x666.jpeg 666w, https:\/\/macknole.de\/wp-content\/uploads\/2020\/08\/every-love-story-starts-dreams121023433140251838-e1597858692224-80x80.jpeg 80w\" sizes=\"(max-width: 229px) 100vw, 229px\" \/> <br><\/span><\/h5>\n<\/blockquote>\n<hr>\n<p style=\"text-align: justify;\">Und das diese Geschichte irgendwann einmal Wirklichkeit wird, darum bem\u00fchen wir uns sehr. Endlich sind alle Voraussetzungen f\u00fcr die Zucht erf\u00fcllt, im Hintergrund liefen die Planungen f\u00fcr eine neue Geschichte auf Hochtouren. Eine Geschichte, die unsere Leben bereichern wird, aber vorallem die Familie wachsen l\u00e4sst. Nicht zuletzt auch deshalb, weil zu einer &#8222;Lovestory&#8220; zwei geh\u00f6ren, muss f\u00fcr uns nicht nur die Chemie zwischen den Hunden, sondern auch zwischen uns Menschen stimmen. Ein freundschaftliches Verh\u00e4ltnis ist f\u00fcr uns die Grundvoraussetzung f\u00fcr eine gemeinsame Zukunft.<\/p>\n<hr>\n<p style=\"text-align: justify;\">Unsere Wurfplanungen k\u00f6nnen Sie hier auf den nachfolgenden Seiten verfolgen.<\/p>\n<hr>\n<p style=\"text-align: justify;\">Gern k\u00f6nnen Sie auch heute schon den Kontakt zu uns aufnehmen, wenn Sie ein Interesse an einem Welpen aus unserem Kennel haben. Wie wir, so m\u00f6chten sicherlich auch Sie uns und unsere Hunde n\u00e4her kennen lernen.<\/p>\n<p style=\"text-align: justify;\">Wir freuen uns auf Ihre Nachricht.<\/p>\n\n\n<div class=\"is-layout-flex wp-block-buttons\">\n<div class=\"wp-block-button\"><a class=\"wp-block-button__link\" href=\"https:\/\/macknole.de\/?page_id=770\" target=\"_blank\" rel=\"https:\/\/macknole.de\/?page_id=770 noopener\">Anam Cara Litter 2022<\/a><\/div>\n<\/div>\n","protected":false},"excerpt":{"rendered":"<p>Und das diese Geschichte irgendwann einmal Wirklichkeit wird, darum bem&uuml;hen wir uns sehr. Endlich sind alle Voraussetzungen f&uuml;r die Zucht erf&uuml;llt, im Hintergrund liefen die Planungen f&uuml;r eine neue Geschichte<\/p>\n<p class=\"more-link\"><a href=\"https:\/\/macknole.de\/?page_id=453\" class=\"readmore\">Continue reading<svg class=\"icon icon-arrow-right\" aria-hidden=\"true\" role=\"img\"> <use href=\"#icon-arrow-right\" xlink:href=\"#icon-arrow-right\"><\/use> <\/svg><span class=\"screen-reader-text\">Wurfplanung<\/span><\/a><\/p>\n","protected":false},"author":1,"featured_media":0,"parent":0,"menu_order":0,"comment_status":"closed","ping_status":"closed","template":"","meta":[],"_links":{"self":[{"href":"https:\/\/macknole.de\/index.php?rest_route=\/wp\/v2\/pages\/453"}],"collection":[{"href":"https:\/\/macknole.de\/index.php?rest_route=\/wp\/v2\/pages"}],"about":[{"href":"https:\/\/macknole.de\/index.php?rest_route=\/wp\/v2\/types\/page"}],"author":[{"embeddable":true,"href":"https:\/\/macknole.de\/index.php?rest_route=\/wp\/v2\/users\/1"}],"replies":[{"embeddable":true,"href":"https:\/\/macknole.de\/index.php?rest_route=%2Fwp%2Fv2%2Fcomments&post=453"}],"version-history":[{"count":7,"href":"https:\/\/macknole.de\/index.php?rest_route=\/wp\/v2\/pages\/453\/revisions"}],"predecessor-version":[{"id":8837,"href":"https:\/\/macknole.de\/index.php?rest_route=\/wp\/v2\/pages\/453\/revisions\/8837"}],"wp:attachment":[{"href":"https:\/\/macknole.de\/index.php?rest_route=%2Fwp%2Fv2%2Fmedia&parent=453"}],"curies":[{"name":"wp","href":"https:\/\/api.w.org\/{rel}","templated":true}]}}