{"id":448,"date":"2020-08-18T07:43:52","date_gmt":"2020-08-18T07:43:52","guid":{"rendered":"https:\/\/macknole.de\/?page_id=448"},"modified":"2022-09-18T10:35:52","modified_gmt":"2022-09-18T10:35:52","slug":"fortbildungen","status":"publish","type":"page","link":"https:\/\/macknole.de\/?page_id=448","title":{"rendered":"Fortbildungen"},"content":{"rendered":"<p style=\"text-align: justify;\">Wenn man sich, wie wir, dazu entschlossen hat, als Z\u00fcchter t\u00e4tig zu werden, tr\u00e4gt man nicht nur ein hohes Ma\u00df an Verantwortung f\u00fcr seine H\u00fcndin und deren Welpen, sondern sollte sich auch stetig weiterbilden. Wie in allen Bereichen des Lebens \u00e4ndern sich auch im Zuchtgeschehen Dinge. Was gestern noch unheimlich wichtig war, kann morgen schon an G\u00fcltigkeit verloren haben. Es ist somit nie verkehrt auch mit langj\u00e4hriger Erfahrung ab und an \u00fcber den Tellerrand zu schauen. F\u00fcr uns ist es somit eine Selbstverst\u00e4ndlichkeit, an Fortbildungen teilzunehmen. Diese Fortbildungen finden zum Teil im eigenen Verein, aber auch in anderen Instituten, wie zum Beispiel der VDH-Akademie, statt.<\/p>\n<p style=\"text-align: justify;\">Neben dem steten Interesse, die Erfahrungen als Z\u00fcchter zu vertiefen, legen wir ebenfalls gro\u00dfen Wert auf die Ausbildung unserer Hunde. F\u00fcr uns bedeutet das Lernen in der Hundeschule nicht, die Hunde nach der Welpenschule wieder in den Alltag zu entlassen. Im Laufe der Zeit haben wir an unz\u00e4hligen Seminaren, Kursen und Workshops teilgenommen. In n\u00e4chster Zeit werden wir Pr\u00fcfungen in verschiedenen Bereichen absolvieren. Die Ausbildung unserer Hunde liegt uns am Herzen.<\/p>\n<blockquote>\n<h5><span style=\"color: #ff0000;\">\u00dcBERBLICK<\/span><\/h5>\n<\/blockquote>\n\n\n<div class=\"wp-block-image\"><figure class=\"aligncenter size-large\"><img decoding=\"async\" loading=\"lazy\" width=\"690\" height=\"1024\" src=\"https:\/\/macknole.de\/wp-content\/uploads\/2022\/09\/fortbildungen2022-690x1024.png\" alt=\"\" class=\"wp-image-9465\" srcset=\"https:\/\/macknole.de\/wp-content\/uploads\/2022\/09\/fortbildungen2022-690x1024.png 690w, https:\/\/macknole.de\/wp-content\/uploads\/2022\/09\/fortbildungen2022-202x300.png 202w, https:\/\/macknole.de\/wp-content\/uploads\/2022\/09\/fortbildungen2022-768x1140.png 768w, https:\/\/macknole.de\/wp-content\/uploads\/2022\/09\/fortbildungen2022-1035x1536.png 1035w, https:\/\/macknole.de\/wp-content\/uploads\/2022\/09\/fortbildungen2022.png 1348w\" sizes=\"(max-width: 690px) 100vw, 690px\" \/><\/figure><\/div>\n","protected":false},"excerpt":{"rendered":"<p>Wenn man sich, wie wir, dazu entschlossen hat, als Z&uuml;chter t&auml;tig zu werden, tr&auml;gt man nicht nur ein hohes Ma&szlig; an Verantwortung f&uuml;r seine H&uuml;ndin und deren Welpen, sondern sollte<\/p>\n<p class=\"more-link\"><a href=\"https:\/\/macknole.de\/?page_id=448\" class=\"readmore\">Continue reading<svg class=\"icon icon-arrow-right\" aria-hidden=\"true\" role=\"img\"> <use href=\"#icon-arrow-right\" xlink:href=\"#icon-arrow-right\"><\/use> <\/svg><span class=\"screen-reader-text\">Fortbildungen<\/span><\/a><\/p>\n","protected":false},"author":1,"featured_media":0,"parent":0,"menu_order":0,"comment_status":"closed","ping_status":"closed","template":"","meta":[],"_links":{"self":[{"href":"https:\/\/macknole.de\/index.php?rest_route=\/wp\/v2\/pages\/448"}],"collection":[{"href":"https:\/\/macknole.de\/index.php?rest_route=\/wp\/v2\/pages"}],"about":[{"href":"https:\/\/macknole.de\/index.php?rest_route=\/wp\/v2\/types\/page"}],"author":[{"embeddable":true,"href":"https:\/\/macknole.de\/index.php?rest_route=\/wp\/v2\/users\/1"}],"replies":[{"embeddable":true,"href":"https:\/\/macknole.de\/index.php?rest_route=%2Fwp%2Fv2%2Fcomments&post=448"}],"version-history":[{"count":19,"href":"https:\/\/macknole.de\/index.php?rest_route=\/wp\/v2\/pages\/448\/revisions"}],"predecessor-version":[{"id":9467,"href":"https:\/\/macknole.de\/index.php?rest_route=\/wp\/v2\/pages\/448\/revisions\/9467"}],"wp:attachment":[{"href":"https:\/\/macknole.de\/index.php?rest_route=%2Fwp%2Fv2%2Fmedia&parent=448"}],"curies":[{"name":"wp","href":"https:\/\/api.w.org\/{rel}","templated":true}]}}