{"id":44,"date":"2019-07-30T08:21:06","date_gmt":"2019-07-30T08:21:06","guid":{"rendered":"https:\/\/macknole.de\/?page_id=44"},"modified":"2020-09-07T07:08:18","modified_gmt":"2020-09-07T07:08:18","slug":"datenschutz","status":"publish","type":"page","link":"https:\/\/macknole.de\/?page_id=44","title":{"rendered":"Datenschutz"},"content":{"rendered":"<h5><span style=\"color:#800000;\"><strong>Datenschutzerkl\u00e4rung<\/strong><\/span><\/h5>\n<hr>\n<div class=\"in ng-binding ng-scope editable\"><span style=\"color:#999999;\">Verantwortlich im Sinne des Datenschutzgesetzes:<\/span><\/div>\n<div><\/div>\n<div class=\"in ng-binding ng-scope editable\"><span style=\"color:#999999;\">Annett Lenze<\/span><br \/>\n<span style=\"color:#999999;\">Kastanienallee 33<\/span><br \/>\n<span style=\"color:#999999;\">59320 Ennigerloh<\/span><\/p>\n<h5><span style=\"color:#800000;\"><strong>Erfassung von Daten<\/strong><\/span><\/h5>\n<p style=\"text-align:left;\"><span style=\"color:#999999;\">W\u00e4hrend Sie auf unsere Webseiten zugreifen, erfassen wir automatisch Daten von allgemeiner Natur. Diese Daten (Server-Logfiles) umfassen zum Beispiel die Art ihres Browsers, ihr Betriebssystem, den Domainnamen Ihres Internetanbieters sowie weitere \u00e4hnliche allgemeine Daten. Diese Daten sind absolut Personen unabh\u00e4ngig und werden genutzt, um Ihnen die Webseiten korrekt darzustellen und werden bei jeder Nutzung des Internets abgerufen. Die absolut anonymen Daten werden statistisch ausgewertet um unseren Service f\u00fcr Sie zu verbessern.<\/span><\/p>\n<h5 style=\"text-align:left;\"><span style=\"color:#800000;\"><strong>Anmeldung auf unserer Webseite<\/strong><\/span><\/h5>\n<p style=\"text-align:left;\"><span style=\"color:#999999;\">Bei der Anmeldung f\u00fcr spezifische Angebote erfragen wir einige pers\u00f6nliche Daten wie Name, Anschrift, Kontakt, Telefonnummer oder E-Mail-Adresse. Angemeldete Nutzer k\u00f6nnen auf bestimmte Zusatzleistungen zugreifen. Angemeldete Nutzer haben die M\u00f6glichkeit, alle angegebenen pers\u00f6nlichen Daten zu jedem Zeitpunkt zu \u00e4ndern oder l\u00f6schen zu lassen. Sie k\u00f6nnen auch jederzeit die von ihnen gespeicherten Daten bei uns erfragen. Soweit gesetzlich keine Frist f\u00fcr die Aufbewahrung der Daten besteht, k\u00f6nnen diese ge\u00e4ndert oder gel\u00f6scht werden. Bitte kontaktieren Sie uns dazu \u00fcber unsere Kontaktseite.<\/span><\/p>\n<h5 style=\"text-align:left;\"><span style=\"color:#800000;\"><strong>Blogkommentare<\/strong><\/span><\/h5>\n<p style=\"text-align:left;\"><span style=\"color:#999999;\">Wenn Sie in unserem Blog Kommentare abgeben werden neben dem reinen Text auch Angaben zum Zeitpunkt der Erstellung sowie ihr Nutzername gespeichert. Auf diese Art garantieren wir die Sicherheit unseres Blog, rechtswiedrige Beitr\u00e4ge von Benutzern k\u00f6nnen nach verfolgt werden.<\/span><\/p>\n<h5 style=\"text-align:left;\"><span style=\"color:#800000;\"><strong>Newsletter<\/strong><\/span><\/h5>\n<p style=\"text-align:left;\"><span style=\"color:#999999;\">Wenn Se sich f\u00fcr unseren Newsletter anmelden nutzen wir die Anmeldedaten ausschlie\u00dflich f\u00fcr den Newsletter-Dienst. Angemeldete Nutzer k\u00f6nnen von uns kontaktiert werden um \u00fcber \u00c4nderungen, Aktualisierungen oder andere relevante Informationen unterrichtet zu werden.<\/span><\/p>\n<p style=\"text-align:left;\"><span style=\"color:#999999;\">Bei der Anmeldung muss eine g\u00fcltige E-Mail-Adresse angegeben werden. \u00dcber das sogenannte \u201edouble-opt-in\u201c Verfahren wird gepr\u00fcft, ob Anmelder und E-Mail \u00fcbereinstimmen.<\/span><\/p>\n<p style=\"text-align:left;\"><span style=\"color:#999999;\">Sie haben das Recht, ihre Daten f\u00fcr den Newsletterdienst jederzeit l\u00f6schen zu lassen. In unseren Newslettern finden Sie einen Link zur Abmeldung. Au\u00dferdem k\u00f6nnen Sie sich auf der Webseite abmelden oder uns ihren Wunsch \u00fcber unsere Kontaktseite mitteilen.<\/span><\/p>\n<h5 style=\"text-align:left;\"><span style=\"color:#800000;\"><strong>Kontaktformular<\/strong><\/span><\/h5>\n<p style=\"text-align:left;\"><span style=\"color:#999999;\">Wenn Sie uns \u00fcber unsere Kontaktseite kontaktieren oder uns eine E-Mail schicken werden die entsprechenden Daten zur Bearbeitung gespeichert.<\/span><\/p>\n<h5 style=\"text-align:left;\"><span style=\"color:#800000;\"><strong>L\u00f6schung oder Sperrung von Daten<\/strong><\/span><\/h5>\n<p style=\"text-align:left;\"><span style=\"color:#999999;\">Ihre pers\u00f6nlichen Daten werden nur so lange gespeichert, wie dies absolut notwendig ist um die angegebenen Dienste zu leisten und es vom Gesetz vorgeschrieben ist. Nach Ablauf dieser Fristen werden die pers\u00f6nlichen Daten der Nutzer regelm\u00e4\u00dfig gesperrt oder gel\u00f6scht.<\/span><\/p>\n<h5 style=\"text-align:left;\"><span style=\"color:#800000;\"><strong>Google Analytics<\/strong><\/span><\/h5>\n<p style=\"text-align:left;\"><span style=\"color:#999999;\">Unsere Webseite nutzt Google Analytics, den Webanalysedienst der Google Inc. (\u201eGoogle\u201c). Google Analytics nutzt \u201eCookies\u201c, kleine Textdateien, die auf Ihrem Rechner gespeichert werden und Daten zur Nutzung unserer Webseite speichern. Die vom Cookie erzeugten Daten \u00fcber die Nutzung unserer Webseite werden an einen Google Server in die USA \u00fcbertragen und gespeichert. Da auf unseren Webseiten eine IP-Anonymisierung aktiviert ist, wird Ihre IP-Adresse von Google gek\u00fcrzt. Dies gilt f\u00fcr Mitgliedstaaten der Europ\u00e4ischen Union und anderen Vertragsstaaten des Abkommens \u00fcber den Europ\u00e4ischen Wirtschaftsraum. In seltenen F\u00e4llen kann es vorkommen, dass die volle IP-Adresse an einen Google Server in den USA \u00fcbertragen und erst dort gek\u00fcrzt wird. Google nutzt diese Informationen um Ihre Nutzung unserer Webseite auszuwerten, um f\u00fcr uns Berichte \u00fcber die Nutzung der Webseite zusammenzustellen und um weitere statistische Daten zu erheben. Ihre IP-Adresse wird dabei niemals mit anderen auf Google gespeicherten Daten zusammengef\u00fchrt. Die Verwendung von Cookies kann durch eine Einstellung in ihrem Browser verboten werden; dies kann jedoch unter Umst\u00e4nden die Funktion unserer Webseite beeintr\u00e4chtigen. Mittels eines speziellen Zusatzprogramms f\u00fcr ihren Browser (Add On) k\u00f6nnen Sie die Sammlung von Daten durch Google Analytics desaktivieren<strong>.<\/strong><\/span><\/p>\n<h5 style=\"text-align:left;\"><span style=\"color:#800000;\"><strong>Google Remarketing<\/strong><\/span><\/h5>\n<p style=\"text-align:left;\"><span style=\"color:#999999;\">Unsere Webseite verwendet die Google Remarketing-Funktion die dazu dient, Besuchern von Webseiten die zum Google-Werbenetzwerks geh\u00f6ren individuelle Werbung zu zeigen. In ihrem Browser wird ein \u201eCookie\u201c gespeichert, mit dem sie wiedererkannt werden k\u00f6nnen, wenn Sie eine Webseite aufrufen, die zum Google Werbenetzwerk geh\u00f6rt. Dabei k\u00f6nnen Sie Werbung pr\u00e4sentiert bekommen, die mit dem Besuch von anderen Webseiten in Zusammenhang stehen, die ebenfalls die Google Remarketing Funktion verwenden.<\/span><\/p>\n<p style=\"text-align:left;\"><span style=\"color:#999999;\">Google speichert dabei keine individuellen Daten. Unter http:\/\/www.google.com\/settings\/ads haben Sie die M\u00f6glichkeit, die Funktion von Google Remarketing zu desaktivieren. Der Einsatz von Cookies f\u00fcr individuelle Werbeschaltung kann ebenfalls abgestellt werden. Wie das geht beschreibt dieser Link: http:\/\/www.networkadvertising.org\/managing\/opt_out.asp folgen.<\/span><\/p>\n<h5 style=\"text-align:left;\"><span style=\"color:#800000;\"><strong>Adobe Analytics (Omniture)<\/strong><\/span><\/h5>\n<p style=\"text-align:left;\"><span style=\"color:#999999;\">Unsere Webseite benutzt Adobe Analytics, ein Analysewerkzeug der Adobe Systems Software Ireland Limited (\u201eAdobe\u201c). Adobe Analytics nutzt \u201cCookies\u201d, kleine Textdateien, die auf Ihrem Rechner gespeichert werden. Diese erlauben, die Benutzung der Webseite durch Sie zu analysieren. Bevor ein entsprechender Datensatz an das Adobe Datencenter \u00fcbermittelt wird, wird von uns die IP Adresse anonymisiert. Daf\u00fcr wird das letzte Oktett der IP Adresse durch Nullen ersetzt. Bevor das Tracking Packet gespeichert wird, wird die IP Adresse durch einzelne generische IP Adressen ersetzt. Adobe nutzt diese Informationen f\u00fcr uns, um auszuwerten, wie Sie als Besucher unsere Webseite nutzen. Es werden Berichte erstellt, die die Websiteaktivit\u00e4ten reflektieren und dazu dienen, unser Angebot und unseren Service zu verbessern. Die \u00fcbermittelten IP-Adressen, die von Adobe Analytics erhoben werden, werden nicht mit anderen Daten abgeglichen. Die Speicherung von Cookies kann durch eine entsprechende Einstellung im Browser verweigert werden. In manchen F\u00e4llen sind dann jedoch nicht alle Funktionen unserer Website mehr verf\u00fcgbar. \u00dcber ein Add On k\u00f6nnen generelle Daten\u00fcbermittlungen an Adobe unterbunden werden. Das Add On finden Sie hier: http:\/\/www.adobe.com\/de\/privacy\/opt-out.html<\/span><\/p>\n<h5 style=\"text-align:left;\"><span style=\"color:#800000;\"><strong>Social Plugins<\/strong><\/span><\/h5>\n<p style=\"text-align:left;\"><span style=\"color:#999999;\">Wir verwenden auf unserer Webseiten Social Plugins der im Folgenden aufgelisteten Anbieter. Plugins sind mit dem entsprechenden Logo gekennzeichnet.<\/span><\/p>\n<p style=\"text-align:left;\"><span style=\"color:#999999;\">Der Dienstbetreiber kann unter Umst\u00e4nden durch solche Plugins Informationen und personenbezogene Daten unserer Besucher erhalten. Eine von uns installierte 2-Klick-L\u00f6sung verhindert die nicht offensichtliche Erfassung und \u00dcbertragung von Daten an den Dienstanbieter. Nur wenn ein Social Plugin von Ihnen per Klick aktiviert wird, wird die Sammlung von Informationen und deren Versand an den Dienstanbieter ausgel\u00f6st.<\/span><\/p>\n<p style=\"text-align:left;\"><span style=\"color:#999999;\">Welche Daten ein solches Plugin erfasst sobald es aktiviert wurde, und wie diese anschlie\u00dfend verwendet werden, liegt au\u00dferhalb unseres Einflusses. In einigen F\u00e4llen werden direkte Verbindungen zu den Diensten des jeweiligen Anbieters erstellt und die IP-Adresse und spezifische Nutzungs-Informationen k\u00f6nnen dabei erfasst und genutzt werden. Dienstanbieter k\u00f6nnen auch versuchen, Cookies auf ihrem Rechner zu speichern. Wie diese Cookies arbeiten erfahren Sie in den Datenschutzhinweisen des entsprechenden Anbieters. Von Facebook k\u00f6nnen Sie als Besucher identifiziert werden, sofern sie aktuell in ihrem Facebook Account angemeldet sind.<\/span><\/p>\n<p style=\"text-align:left;\"><span style=\"color:#999999;\">Social-Media-Buttons der folgenden Unternehmen sind auf unserer Webseite eingebunden:<\/span><\/p>\n<p style=\"text-align:left;\"><span style=\"color:#999999;\">Google Plus\/Google Inc. (1600 Amphitheatre Parkway \u2013 Mountain View \u2013 CA 94043 \u2013 USA)<\/span><\/p>\n<h5 style=\"text-align:left;\"><span style=\"color:#800000;\"><strong>Cookies<\/strong><\/span><\/h5>\n<p style=\"text-align:left;\"><span style=\"color:#999999;\">Unsere Webseite verwendet \u201eCookies\u201c. Cookies sind Textdateien, die vom Server einer Webseite auf Ihren Rechner \u00fcbertragen werden. Bestimmte Daten wie IP-Adresse, Browser, Betriebssystem und Internet Verbindung werden dabei \u00fcbertragen.<\/span><\/p>\n<p style=\"text-align:left;\"><span style=\"color:#999999;\">Cookies starten keine Programme und \u00fcbertragen keine Viren. Die durch Cookies gesammelten Informationen dienen dazu, Ihnen die Navigation zu erleichtern und die Anzeige unserer Webseiten zu optimieren.<\/span><\/p>\n<p style=\"text-align:left;\"><span style=\"color:#999999;\">Daten, die von uns erfasst werden, werden niemals ohne Ihre Einwilligung an Daten an Dritte weitergegeben oder mit personenbezogenen Daten verkn\u00fcpft.<\/span><\/p>\n<p style=\"text-align:left;\"><span style=\"color:#999999;\">Die Verwendung von Cookies kann \u00fcber Einstellungen in ihrem Browser verhindert werden. In den Erl\u00e4uterungen zu Ihrem Internetbrowsers finden Sie Informationen dar\u00fcber, wie man diese Einstellungen ver\u00e4ndern kann. Einzelne Funktionen unserer Website k\u00f6nnen unter Umst\u00e4nden nicht richtig funktionieren, wenn die Verwendung von Cookies desaktiviert ist.<\/span><\/p>\n<h5 style=\"text-align:left;\"><span style=\"color:#800000;\"><strong>Skalierbares Zentrales Messverfahren<\/strong><\/span><\/h5>\n<p style=\"text-align:left;\"><span style=\"color:#999999;\">F\u00fcr die Sammlung statistischer Kennwerte \u00fcber die Nutzung unserer Dienste nutzen wir das \u201eSkalierbare Zentrale Messverfahren\u201c (SZM) der INFOnline GmbH http:\/\/www.infonline.de)<\/span><\/p>\n<p style=\"text-align:left;\"><span style=\"color:#999999;\">Dieses Verfahren erhebt anonyme Messwerte. Die SZM- Reichweitenmessung verwendet zur Wiedererkennung von Computersystemen entweder einen Cookie mit der Kennung \u201eioam.de\u201c, \u201eivwbox.de\u201c, ein LocalStorage Objekt oder eine Signatur, die aus verschiedenen \u00fcbertragenen Informationen Ihres Web-Browsers erstellt wird. IP-Adressen werden in anonymisierter Form genutzt.<\/span><\/p>\n<p style=\"text-align:left;\"><span style=\"color:#999999;\">Bei der Reichweitenmessung wird der Datenschutz stets ber\u00fccksichtigt. Diese ermittelt statistisch die Nutzungsintensit\u00e4t und die Zahl der Nutzer einer Website. Dabei werden einzelne Nutzer nicht erkannt, die Identit\u00e4t bleibt stets gesch\u00fctzt. Das System versendet keine Werbung.<\/span><\/p>\n<p style=\"text-align:left;\"><span style=\"color:#999999;\">Web-Angebote, die zur Informationsgemeinschaft zur Feststellung der Verbreitung von Werbetr\u00e4gern e.V. (IVW \u2013 http:\/\/www.ivw.eu) geh\u00f6ren oder an der Studie \u201einternet facts\u201c der Arbeitsgemeinschaft Online-Forschung e.V. (AGOF \u2013 www.agof.de) teilnehmen, werden die Nutzungsstatistiken monatlich von der AGOF und der Arbeitsgemeinschaft Media-Analyse e.V. (ag.ma \u2013 www.agma-mmc.de), sowie der IVW ver\u00f6ffentlicht und k\u00f6nnen unter http:\/\/www.agof.de, http:\/\/www.agma-mmc.de und http:\/\/www.ivw.eu eingesehen werden, <a style=\"color: #999999;\" href=\"https:\/\/bayerwaldurlaub-freyung.de\" target=\"_blank\" rel=\"noopener noreferrer\">klick hier<\/a>. die IVW \u00fcberpr\u00fcft das SZM-Verfahren regelm\u00e4\u00dfig im Hinblick auf eine regel- und datenschutzkonforme Nutzung, au\u00dferdem werden die Messdaten ver\u00f6ffentlicht.<\/span><\/p>\n<p style=\"text-align:left;\"><span style=\"color:#999999;\">Die Website der INFOnline GmbH https:\/\/www.infonline.de), die Datenschutzwebsite der AGOF (http:\/\/www.agof.de\/datenschutz) und die Datenschutzwebsite der IVW (http:\/\/www.ivw.eu) bieten detaillierte Informationen zum SZM-Verfahren.<\/span><\/p>\n<p style=\"text-align:left;\"><span style=\"color:#999999;\">Sollten Sie der Datenverarbeitung durch das SZM nicht entsprechen, k\u00f6nnen Sie dies unter den folgenden Links kundtun: http:\/\/optout.ioam.de und http:\/\/optout.ivwbox.de<\/span><\/p>\n<h5 style=\"text-align:left;\"><span style=\"color:#800000;\"><strong>Google AdWords<\/strong><\/span><\/h5>\n<p style=\"text-align:left;\"><span style=\"color:#999999;\">Unsere Webseite verwendet Google Conversion-Tracking. Wenn Sie durch den Klick auf eine Google-Anzeige auf unsere Webseite gelangt sind, speichert Google Adwords ein Conversion-Tracking Cookie auf Ihrem Computer. Nach 30 Tagen verlieren diese Cookies ihre G\u00fcltigkeit, Webseitenbesucher werden dabei nicht identifiziert. Innerhalb der 30 Tage Spanne k\u00f6nnen wir und Google feststellen, dass der Nutzer anfangs auf die Anzeige geklickt um auf unsere Seite zu landen. Google AdWords- Cookies sind kundenspezifisch und k\u00f6nnen nicht \u00fcber die Webseiten von AdWords-Kunden nachverfolgt werden. Die mit Conversion-Cookies gesammelten Informationen werden dazu genutzt, Conversion-Statistiken f\u00fcr AdWords-Kunden zu erstellen, die Conversion-Tracking nutzen. Die Kunden erfahren dabei, wie viele Nutzer die eine Anzeige genutzt haben um ihre Seite zu besuchen. Pers\u00f6nliche Daten der Nutzer werden dabei nicht \u00fcbermittelt.<\/span><\/p>\n<p style=\"text-align:left;\"><span style=\"color:#999999;\">Wer sich nicht am Tracking beteiligen m\u00f6chte kann dies in den Browser Einstellungen festlegen. Das automatische Setzen von Cookies kann generell desaktiviert werden oder Sie k\u00f6nnen Ihren Browser so einstellen, dass googleleadservices.com Cookies immer blockiert werden.<\/span><\/p>\n<p style=\"text-align:left;\"><span style=\"color:#999999;\">Opt-out-Cookies d\u00fcrfen nicht gel\u00f6scht werden, wenn Sie die Aufzeichnung von Messdaten verweigern m\u00f6chten. Wenn Sie die Cookies in Ihrem Browser l\u00f6schen, m\u00fcssen alle Opt-out Cookies neu gesetzt werden.<\/span><\/p>\n<h5 style=\"text-align:left;\"><span style=\"color:#800000;\"><strong>Auskunft, Berichtigung, Sperre, L\u00f6schung und Widerspruch<\/strong><\/span><\/h5>\n<p style=\"text-align:left;\"><span style=\"color:#999999;\">Sie k\u00f6nnen zu jedem Zeitpunkt Informationen \u00fcber Ihre bei uns gespeicherten Daten erbitten. Diese k\u00f6nnen auch berichtigt, gesperrt oder, sofern die vorgeschriebene Zeitr\u00e4ume der Datenspeicherung zur Gesch\u00e4ftsabwicklung abgelaufen sind, gel\u00f6scht werden. Unser Datenschutzmitarbeiter hilft Ihnen bei allen entsprechenden Fragen. Seine Kontaktdaten finden Sie weiter unten.<\/span><\/p>\n<p style=\"text-align:left;\"><span style=\"color:#999999;\">Gesperrte Daten werden in einer speziellen Sperrdatei zu Kontrollzwecken verwahrt. Wenn die gesetzliche Archivierungsverpflichtung abgelaufen ist k\u00f6nnen Sie auch die L\u00f6schung der Daten verlangen. Innerhalb der Archivierungsverpflichtung k\u00f6nnen wir Ihre Daten auf Wunsch sperren.<\/span><\/p>\n<p style=\"text-align:left;\"><span style=\"color:#999999;\">\u00c4nderungen oder Widerruf von Einwilligungen k\u00f6nnen durch eine Mitteilung an uns vorgenommen werden. Dies ist auch f\u00fcr zuk\u00fcnftige Aktionen m\u00f6glich.<\/span><\/p>\n<h5 style=\"text-align:left;\"><span style=\"color:#800000;\"><strong>\u00c4nderung der Datenschutzbestimmungen<\/strong><\/span><\/h5>\n<p style=\"text-align:left;\"><span style=\"color:#999999;\">Unsere Datenschutzerkl\u00e4rung k\u00f6nnen in unregelm\u00e4\u00dfigen Abst\u00e4nden angepasst werden, damit sie den aktuellen rechtlichen Anforderungen entsprechen oder um \u00c4nderungen unserer Dienstleistungen umzusetzen, z. B. bei der Einf\u00fcgung neuer Angebote. F\u00fcr Ihren n\u00e4chsten Besuch gilt dann automatisch die neue Datenschutzerkl\u00e4rung.<\/span><\/p>\n<h5 style=\"text-align:left;\"><span style=\"color:#800000;\"><strong>Kontakt zum Datenschutzmitarbeiter<\/strong><\/span><\/h5>\n<p style=\"text-align:left;\"><span style=\"color:#999999;\">F\u00fcr Fragen zum Datenschutz schicken Sie uns bitte eine Nachricht an macknoles.rigdebacks@gmail.com mit dem Betreff \u201eDatenschutz\u201c.<\/span><\/p>\n<p style=\"text-align:left;\"><span style=\"color:#999999;\">Diese Widerrufsbelehrung Seite wurde bei <a style=\"color: #999999;\" href=\"https:\/\/datenschutzerkl\u00e4runggenerator.de\/\" target=\"_blank\" rel=\"noopener noreferrer\">datenschutzerkl\u00e4runggenerator.de<\/a> erstellt.<\/span><\/p>\n<\/div>\n","protected":false},"excerpt":{"rendered":"<p>Datenschutzerkl&auml;rung Verantwortlich im Sinne des Datenschutzgesetzes: Annett Lenze Kastanienallee 33 59320 Ennigerloh Erfassung von Daten W&auml;hrend Sie auf unsere Webseiten zugreifen, erfassen wir automatisch Daten von allgemeiner Natur. Diese Daten<\/p>\n<p class=\"more-link\"><a href=\"https:\/\/macknole.de\/?page_id=44\" class=\"readmore\">Continue reading<svg class=\"icon icon-arrow-right\" aria-hidden=\"true\" role=\"img\"> <use href=\"#icon-arrow-right\" xlink:href=\"#icon-arrow-right\"><\/use> <\/svg><span class=\"screen-reader-text\">Datenschutz<\/span><\/a><\/p>\n","protected":false},"author":1,"featured_media":0,"parent":0,"menu_order":0,"comment_status":"closed","ping_status":"closed","template":"","meta":[],"_links":{"self":[{"href":"https:\/\/macknole.de\/index.php?rest_route=\/wp\/v2\/pages\/44"}],"collection":[{"href":"https:\/\/macknole.de\/index.php?rest_route=\/wp\/v2\/pages"}],"about":[{"href":"https:\/\/macknole.de\/index.php?rest_route=\/wp\/v2\/types\/page"}],"author":[{"embeddable":true,"href":"https:\/\/macknole.de\/index.php?rest_route=\/wp\/v2\/users\/1"}],"replies":[{"embeddable":true,"href":"https:\/\/macknole.de\/index.php?rest_route=%2Fwp%2Fv2%2Fcomments&post=44"}],"version-history":[{"count":19,"href":"https:\/\/macknole.de\/index.php?rest_route=\/wp\/v2\/pages\/44\/revisions"}],"predecessor-version":[{"id":609,"href":"https:\/\/macknole.de\/index.php?rest_route=\/wp\/v2\/pages\/44\/revisions\/609"}],"wp:attachment":[{"href":"https:\/\/macknole.de\/index.php?rest_route=%2Fwp%2Fv2%2Fmedia&parent=44"}],"curies":[{"name":"wp","href":"https:\/\/api.w.org\/{rel}","templated":true}]}}