{"id":13,"date":"2019-07-30T08:06:18","date_gmt":"2019-07-30T08:06:18","guid":{"rendered":"http:\/\/macknole.de\/?page_id=13"},"modified":"2020-09-11T10:53:38","modified_gmt":"2020-09-11T10:53:38","slug":"foreverinourhearts","status":"publish","type":"page","link":"https:\/\/macknole.de\/?page_id=13","title":{"rendered":"Forever in our hearts"},"content":{"rendered":"<blockquote>\n<h4><span style=\"color: #ff6600;\">Die Stille ist ohrenbet\u00e4ubend laut &#8230;<\/span><\/h4>\n<\/blockquote>\n<div class=\"o9v6fnle cxmmr5t8 oygrvhab hcukyx3x c1et5uql ii04i59q\">\n<div dir=\"auto\" style=\"text-align: justify;\"><span style=\"color: #999999;\"><img decoding=\"async\" loading=\"lazy\" class=\" wp-image-206 alignleft\" src=\"https:\/\/macknole.de\/wp-content\/uploads\/2019\/07\/20190314_1943569086017178428799749.jpg\" alt=\"\" width=\"308\" height=\"231\" srcset=\"https:\/\/macknole.de\/wp-content\/uploads\/2019\/07\/20190314_1943569086017178428799749.jpg 3000w, https:\/\/macknole.de\/wp-content\/uploads\/2019\/07\/20190314_1943569086017178428799749-300x225.jpg 300w, https:\/\/macknole.de\/wp-content\/uploads\/2019\/07\/20190314_1943569086017178428799749-768x576.jpg 768w, https:\/\/macknole.de\/wp-content\/uploads\/2019\/07\/20190314_1943569086017178428799749-1024x768.jpg 1024w\" sizes=\"(max-width: 308px) 100vw, 308px\" \/>Nur ein Wimpernschlag entfernt war die Welt noch in Ordnung. Das Leben mit seinen Facetten weniger unfair. W\u00fcnsche wurden ge\u00e4u\u00dfert, Pl\u00e4ne geschmiedet \u2013 man hat sich auf die Zukunft gefreut.<br \/>\n<\/span><\/div>\n<div dir=\"auto\"><\/div>\n<\/div>\n<div class=\"o9v6fnle cxmmr5t8 oygrvhab hcukyx3x c1et5uql ii04i59q\" style=\"text-align: justify;\">\n<div dir=\"auto\"><span style=\"color: #999999;\">Man stellt sich dann nat\u00fcrlich die Frage: Warum ist das Leben so unfair? Die Antwort ist banal und hart zugleich: Weil es niemanden danach fragen muss. Es fragt nicht wie alt wir sind, wenn wir diesen Planeten wieder verlassen, es fragt auch nicht danach, welche Dinge man noch gern erlebt h\u00e4tte, welche Orte gesehen und auch nicht danach, wem man noch Freude oder Liebe h\u00e4tte schenken wollen. Augenscheinlich alles simple Dinge, die ihren Wert erst dann aufzeigen, wenn sie nicht mehr m\u00f6glich sind.<\/span><\/div>\n<\/div>\n<div class=\"o9v6fnle cxmmr5t8 oygrvhab hcukyx3x c1et5uql ii04i59q\" style=\"text-align: justify;\"><\/div>\n<div class=\"o9v6fnle cxmmr5t8 oygrvhab hcukyx3x c1et5uql ii04i59q\">\n<div dir=\"auto\" style=\"text-align: justify;\"><span style=\"color: #999999;\">Diese Leere, die uns dann umgibt, ist so f\u00fcrchterlich raumf\u00fcllend. Sie nimmt sich das Recht alles f\u00fcr sich einzunehmen, das Gl\u00fcck und die Freude und hinterl\u00e4sst nichts anders als Tr\u00e4nen. Tr\u00e4nen, die nicht aufh\u00f6ren wollen zu flie\u00dfen \u2026<\/span><\/div>\n<div dir=\"auto\"><\/div>\n<\/div>\n<div dir=\"auto\" style=\"text-align: justify;\"><span class=\"oi732d6d ik7dh3pa d2edcug0 hpfvmrgz qv66sw1b c1et5uql a8c37x1j muag1w35 ew0dbk1b jq4qci2q a3bd9o3v knj5qynh oo9gr5id hzawbc8m\" dir=\"auto\"><span style=\"color: #999999;\">&#8230; Trauer ist sehr vielf\u00e4ltig und dieser Verlust mit nichts zu vergleichen.\u00a0<\/span> <\/span><\/div>\n<div dir=\"auto\"><\/div>\n<blockquote>\n<h4 dir=\"auto\"><span style=\"color: #ff6600;\">Unvergessen sind die, die unsere Herzen ber\u00fchren!<\/span><\/h4>\n<\/blockquote>\n","protected":false},"excerpt":{"rendered":"<p>Die Stille ist ohrenbet&auml;ubend laut &hellip; Nur ein Wimpernschlag entfernt war die Welt noch in Ordnung. Das Leben mit seinen Facetten weniger unfair. W&uuml;nsche wurden ge&auml;u&szlig;ert, Pl&auml;ne geschmiedet &ndash; man<\/p>\n<p class=\"more-link\"><a href=\"https:\/\/macknole.de\/?page_id=13\" class=\"readmore\">Continue reading<svg class=\"icon icon-arrow-right\" aria-hidden=\"true\" role=\"img\"> <use href=\"#icon-arrow-right\" xlink:href=\"#icon-arrow-right\"><\/use> <\/svg><span class=\"screen-reader-text\">Forever in our hearts<\/span><\/a><\/p>\n","protected":false},"author":1,"featured_media":0,"parent":0,"menu_order":0,"comment_status":"closed","ping_status":"closed","template":"","meta":[],"_links":{"self":[{"href":"https:\/\/macknole.de\/index.php?rest_route=\/wp\/v2\/pages\/13"}],"collection":[{"href":"https:\/\/macknole.de\/index.php?rest_route=\/wp\/v2\/pages"}],"about":[{"href":"https:\/\/macknole.de\/index.php?rest_route=\/wp\/v2\/types\/page"}],"author":[{"embeddable":true,"href":"https:\/\/macknole.de\/index.php?rest_route=\/wp\/v2\/users\/1"}],"replies":[{"embeddable":true,"href":"https:\/\/macknole.de\/index.php?rest_route=%2Fwp%2Fv2%2Fcomments&post=13"}],"version-history":[{"count":6,"href":"https:\/\/macknole.de\/index.php?rest_route=\/wp\/v2\/pages\/13\/revisions"}],"predecessor-version":[{"id":668,"href":"https:\/\/macknole.de\/index.php?rest_route=\/wp\/v2\/pages\/13\/revisions\/668"}],"wp:attachment":[{"href":"https:\/\/macknole.de\/index.php?rest_route=%2Fwp%2Fv2%2Fmedia&parent=13"}],"curies":[{"name":"wp","href":"https:\/\/api.w.org\/{rel}","templated":true}]}}